{"id":849,"date":"2026-04-22T15:57:36","date_gmt":"2026-04-22T13:57:36","guid":{"rendered":"https:\/\/wolanet.pl\/?post_type=product&#038;p=849"},"modified":"2026-04-22T15:57:36","modified_gmt":"2026-04-22T13:57:36","slug":"elzab-t10-online","status":"publish","type":"product","link":"https:\/\/wolanet.pl\/?product=elzab-t10-online","title":{"rendered":"Elzab T10 Online"},"content":{"rendered":"<p class=\"my-2 [&amp;+p]:mt-4 [&amp;_strong:has(+br)]:inline-block [&amp;_strong:has(+br)]:pb-2\"><strong>ELZAB T10 Online<\/strong> to nowoczesne urz\u0105dzenie fiskalne klasy premium, kt\u00f3re \u0142\u0105czy w sobie funkcj\u0119 kasy online, systemu POS oraz czytnika kart NFC w jednej, kompaktowej obudowie. Dzi\u0119ki architekturze all-in-one zyskujesz wygodne, uporz\u0105dkowane stanowisko sprzeda\u017cy z mniejsz\u0105 liczb\u0105 kabli, du\u017cym ekranem dotykowym i intuicyjn\u0105 obs\u0142ug\u0105 od pierwszego dnia pracy.<\/p>\n<p class=\"my-2 [&amp;+p]:mt-4 [&amp;_strong:has(+br)]:inline-block [&amp;_strong:has(+br)]:pb-2\">To rozwi\u0105zanie stworzone z my\u015bl\u0105 o sklepach, punktach us\u0142ugowych i nowoczesnych firmach, kt\u00f3re chc\u0105 przyspieszy\u0107 obs\u0142ug\u0119 klienta i korzysta\u0107 z p\u0142atno\u015bci bezgot\u00f3wkowych w jeszcze wygodniejszy spos\u00f3b. Wbudowany modu\u0142 NFC pozwala obs\u0142ugiwa\u0107 p\u0142atno\u015bci zbli\u017ceniowe po wdro\u017ceniu odpowiedniego oprogramowania, a jednocze\u015bnie urz\u0105dzenie mo\u017ce wsp\u00f3\u0142pracowa\u0107 z wag\u0105, skanerem kod\u00f3w, szuflad\u0105 czy terminalem p\u0142atniczym.<\/p>\n<p class=\"my-2 [&amp;+p]:mt-4 [&amp;_strong:has(+br)]:inline-block [&amp;_strong:has(+br)]:pb-2\"><strong>ELZAB T10 Online<\/strong> to idealny wyb\u00f3r dla przedsi\u0119biorc\u00f3w, kt\u00f3rzy oczekuj\u0105 nowoczesnego wygl\u0105du, oszcz\u0119dno\u015bci miejsca na ladzie i pe\u0142nej gotowo\u015bci do codziennej, intensywnej sprzeda\u017cy.<\/p>\n","protected":false},"excerpt":{"rendered":"<p>ELZAB T10 Online to nowoczesne urz\u0105dzenie fiskalne klasy premium, kt\u00f3re \u0142\u0105czy w sobie funkcj\u0119 kasy online, systemu POS oraz czytnika [&hellip;]<\/p>\n","protected":false},"featured_media":850,"comment_status":"open","ping_status":"closed","template":"","meta":{"site-sidebar-layout":"default","site-content-layout":"","ast-site-content-layout":"default","site-content-style":"default","site-sidebar-style":"default","ast-global-header-display":"","ast-banner-title-visibility":"","ast-main-header-display":"","ast-hfb-above-header-display":"","ast-hfb-below-header-display":"","ast-hfb-mobile-header-display":"","site-post-title":"","ast-breadcrumbs-content":"","ast-featured-img":"","footer-sml-layout":"","theme-transparent-header-meta":"default","adv-header-id-meta":"","stick-header-meta":"","header-above-stick-meta":"","header-main-stick-meta":"","header-below-stick-meta":"","astra-migrate-meta-layouts":"set","ast-page-background-enabled":"default","ast-page-background-meta":{"desktop":{"background-color":"var(--ast-global-color-4)","background-image":"","background-repeat":"repeat","background-position":"center center","background-size":"auto","background-attachment":"scroll","background-type":"","background-media":"","overlay-type":"","overlay-color":"","overlay-opacity":"","overlay-gradient":""},"tablet":{"background-color":"","background-image":"","background-repeat":"repeat","background-position":"center center","background-size":"auto","background-attachment":"scroll","background-type":"","background-media":"","overlay-type":"","overlay-color":"","overlay-opacity":"","overlay-gradient":""},"mobile":{"background-color":"","background-image":"","background-repeat":"repeat","background-position":"center center","background-size":"auto","background-attachment":"scroll","background-type":"","background-media":"","overlay-type":"","overlay-color":"","overlay-opacity":"","overlay-gradient":""}},"ast-content-background-meta":{"desktop":{"background-color":"var(--ast-global-color-5)","background-image":"","background-repeat":"repeat","background-position":"center center","background-size":"auto","background-attachment":"scroll","background-type":"","background-media":"","overlay-type":"","overlay-color":"","overlay-opacity":"","overlay-gradient":""},"tablet":{"background-color":"var(--ast-global-color-5)","background-image":"","background-repeat":"repeat","background-position":"center center","background-size":"auto","background-attachment":"scroll","background-type":"","background-media":"","overlay-type":"","overlay-color":"","overlay-opacity":"","overlay-gradient":""},"mobile":{"background-color":"var(--ast-global-color-5)","background-image":"","background-repeat":"repeat","background-position":"center center","background-size":"auto","background-attachment":"scroll","background-type":"","background-media":"","overlay-type":"","overlay-color":"","overlay-opacity":"","overlay-gradient":""}}},"product_brand":[],"product_cat":[36],"product_tag":[],"class_list":{"0":"post-849","1":"product","2":"type-product","3":"status-publish","4":"has-post-thumbnail","6":"product_cat-urzadzenia-all-in-one","7":"desktop-align-left","8":"tablet-align-left","9":"mobile-align-left","11":"first","12":"instock","13":"taxable","14":"shipping-taxable","15":"purchasable","16":"product-type-simple"},"aioseo_notices":[],"jetpack_sharing_enabled":true,"_links":{"self":[{"href":"https:\/\/wolanet.pl\/index.php?rest_route=\/wp\/v2\/product\/849","targetHints":{"allow":["GET"]}}],"collection":[{"href":"https:\/\/wolanet.pl\/index.php?rest_route=\/wp\/v2\/product"}],"about":[{"href":"https:\/\/wolanet.pl\/index.php?rest_route=\/wp\/v2\/types\/product"}],"replies":[{"embeddable":true,"href":"https:\/\/wolanet.pl\/index.php?rest_route=%2Fwp%2Fv2%2Fcomments&post=849"}],"wp:featuredmedia":[{"embeddable":true,"href":"https:\/\/wolanet.pl\/index.php?rest_route=\/wp\/v2\/media\/850"}],"wp:attachment":[{"href":"https:\/\/wolanet.pl\/index.php?rest_route=%2Fwp%2Fv2%2Fmedia&parent=849"}],"wp:term":[{"taxonomy":"product_brand","embeddable":true,"href":"https:\/\/wolanet.pl\/index.php?rest_route=%2Fwp%2Fv2%2Fproduct_brand&post=849"},{"taxonomy":"product_cat","embeddable":true,"href":"https:\/\/wolanet.pl\/index.php?rest_route=%2Fwp%2Fv2%2Fproduct_cat&post=849"},{"taxonomy":"product_tag","embeddable":true,"href":"https:\/\/wolanet.pl\/index.php?rest_route=%2Fwp%2Fv2%2Fproduct_tag&post=849"}],"curies":[{"name":"wp","href":"https:\/\/api.w.org\/{rel}","templated":true}]}}