{"id":818,"date":"2026-04-21T18:52:40","date_gmt":"2026-04-21T16:52:40","guid":{"rendered":"https:\/\/wolanet.pl\/?post_type=product&#038;p=818"},"modified":"2026-04-21T20:33:19","modified_gmt":"2026-04-21T18:33:19","slug":"ingenico-move-3500","status":"publish","type":"product","link":"https:\/\/wolanet.pl\/?product=ingenico-move-3500","title":{"rendered":"Ingenico MOVE 3500"},"content":{"rendered":"<p><strong>Ingenico Move 3500<\/strong> to nowoczesny, mobilny terminal p\u0142atniczy przeznaczony do obs\u0142ugi p\u0142atno\u015bci bezgot\u00f3wkowych w punktach sprzeda\u017cy, us\u0142ugach terenowych oraz gastronomii. Urz\u0105dzenie obs\u0142uguje p\u0142atno\u015bci kartami zbli\u017ceniowymi, chipowymi i paskiem magnetycznym, a tak\u017ce umo\u017cliwia p\u0142atno\u015bci telefonem i zegarkiem dzi\u0119ki technologii NFC. Terminal wyr\u00f3\u017cnia si\u0119 kompaktow\u0105 konstrukcj\u0105, wygodnym koloremowym ekranem dotykowym oraz d\u0142ugim czasem pracy na baterii, co zapewnia swobod\u0119 u\u017cytkowania przez ca\u0142y dzie\u0144. Move 3500 \u015bwietnie sprawdza si\u0119 tam, gdzie liczy si\u0119 mobilno\u015b\u0107, szybko\u015b\u0107 obs\u0142ugi i niezawodno\u015b\u0107.<\/p>\n","protected":false},"excerpt":{"rendered":"<p>Ingenico Move 3500 to nowoczesny, mobilny terminal p\u0142atniczy przeznaczony do obs\u0142ugi p\u0142atno\u015bci bezgot\u00f3wkowych w punktach sprzeda\u017cy, us\u0142ugach terenowych oraz gastronomii. [&hellip;]<\/p>\n","protected":false},"featured_media":819,"comment_status":"open","ping_status":"closed","template":"","meta":{"site-sidebar-layout":"default","site-content-layout":"","ast-site-content-layout":"default","site-content-style":"default","site-sidebar-style":"default","ast-global-header-display":"","ast-banner-title-visibility":"","ast-main-header-display":"","ast-hfb-above-header-display":"","ast-hfb-below-header-display":"","ast-hfb-mobile-header-display":"","site-post-title":"","ast-breadcrumbs-content":"","ast-featured-img":"","footer-sml-layout":"","theme-transparent-header-meta":"default","adv-header-id-meta":"","stick-header-meta":"","header-above-stick-meta":"","header-main-stick-meta":"","header-below-stick-meta":"","astra-migrate-meta-layouts":"set","ast-page-background-enabled":"default","ast-page-background-meta":{"desktop":{"background-color":"var(--ast-global-color-4)","background-image":"","background-repeat":"repeat","background-position":"center center","background-size":"auto","background-attachment":"scroll","background-type":"","background-media":"","overlay-type":"","overlay-color":"","overlay-opacity":"","overlay-gradient":""},"tablet":{"background-color":"","background-image":"","background-repeat":"repeat","background-position":"center center","background-size":"auto","background-attachment":"scroll","background-type":"","background-media":"","overlay-type":"","overlay-color":"","overlay-opacity":"","overlay-gradient":""},"mobile":{"background-color":"","background-image":"","background-repeat":"repeat","background-position":"center center","background-size":"auto","background-attachment":"scroll","background-type":"","background-media":"","overlay-type":"","overlay-color":"","overlay-opacity":"","overlay-gradient":""}},"ast-content-background-meta":{"desktop":{"background-color":"var(--ast-global-color-5)","background-image":"","background-repeat":"repeat","background-position":"center center","background-size":"auto","background-attachment":"scroll","background-type":"","background-media":"","overlay-type":"","overlay-color":"","overlay-opacity":"","overlay-gradient":""},"tablet":{"background-color":"var(--ast-global-color-5)","background-image":"","background-repeat":"repeat","background-position":"center center","background-size":"auto","background-attachment":"scroll","background-type":"","background-media":"","overlay-type":"","overlay-color":"","overlay-opacity":"","overlay-gradient":""},"mobile":{"background-color":"var(--ast-global-color-5)","background-image":"","background-repeat":"repeat","background-position":"center center","background-size":"auto","background-attachment":"scroll","background-type":"","background-media":"","overlay-type":"","overlay-color":"","overlay-opacity":"","overlay-gradient":""}}},"product_brand":[],"product_cat":[30],"product_tag":[],"class_list":{"0":"post-818","1":"product","2":"type-product","3":"status-publish","4":"has-post-thumbnail","6":"product_cat-terminale-przenosne","7":"desktop-align-left","8":"tablet-align-left","9":"mobile-align-left","11":"first","12":"instock","13":"taxable","14":"shipping-taxable","15":"product-type-simple"},"aioseo_notices":[],"jetpack_sharing_enabled":true,"_links":{"self":[{"href":"https:\/\/wolanet.pl\/index.php?rest_route=\/wp\/v2\/product\/818","targetHints":{"allow":["GET"]}}],"collection":[{"href":"https:\/\/wolanet.pl\/index.php?rest_route=\/wp\/v2\/product"}],"about":[{"href":"https:\/\/wolanet.pl\/index.php?rest_route=\/wp\/v2\/types\/product"}],"replies":[{"embeddable":true,"href":"https:\/\/wolanet.pl\/index.php?rest_route=%2Fwp%2Fv2%2Fcomments&post=818"}],"wp:featuredmedia":[{"embeddable":true,"href":"https:\/\/wolanet.pl\/index.php?rest_route=\/wp\/v2\/media\/819"}],"wp:attachment":[{"href":"https:\/\/wolanet.pl\/index.php?rest_route=%2Fwp%2Fv2%2Fmedia&parent=818"}],"wp:term":[{"taxonomy":"product_brand","embeddable":true,"href":"https:\/\/wolanet.pl\/index.php?rest_route=%2Fwp%2Fv2%2Fproduct_brand&post=818"},{"taxonomy":"product_cat","embeddable":true,"href":"https:\/\/wolanet.pl\/index.php?rest_route=%2Fwp%2Fv2%2Fproduct_cat&post=818"},{"taxonomy":"product_tag","embeddable":true,"href":"https:\/\/wolanet.pl\/index.php?rest_route=%2Fwp%2Fv2%2Fproduct_tag&post=818"}],"curies":[{"name":"wp","href":"https:\/\/api.w.org\/{rel}","templated":true}]}}