{"id":798,"date":"2026-04-20T21:15:18","date_gmt":"2026-04-20T19:15:18","guid":{"rendered":"https:\/\/wolanet.pl\/?post_type=product&#038;p=798"},"modified":"2026-04-21T18:43:23","modified_gmt":"2026-04-21T16:43:23","slug":"k2-pay-online","status":"publish","type":"product","link":"https:\/\/wolanet.pl\/?product=k2-pay-online","title":{"rendered":"K2 PAY ONLINE"},"content":{"rendered":"<p class=\"my-2 [&amp;+p]:mt-4 [&amp;_strong:has(+br)]:inline-block [&amp;_strong:has(+br)]:pb-2\"><strong>K2 Pay to nowoczesna kasa fiskalna stworzona z my\u015bl\u0105 o wygodnej i szybkiej sprzeda\u017cy.<\/strong> Urz\u0105dzenie \u0142\u0105czy kompaktow\u0105 form\u0119, prost\u0105 obs\u0142ug\u0119 i niezawodno\u015b\u0107, dzi\u0119ki czemu sprawdzi si\u0119 zar\u00f3wno w sklepie, jak i w punkcie us\u0142ugowym czy gastronomii. Czytelny interfejs, szybka rejestracja sprzeda\u017cy oraz intuicyjna obs\u0142uga sprawiaj\u0105, \u017ce codzienna praca staje si\u0119 sprawniejsza i bardziej komfortowa.<\/p>\n<p class=\"my-2 [&amp;+p]:mt-4 [&amp;_strong:has(+br)]:inline-block [&amp;_strong:has(+br)]:pb-2\"><strong>Kasa K2 Pay zosta\u0142a zaprojektowana tak, aby wspiera\u0107 dynamiczn\u0105 obs\u0142ug\u0119 klienta i ogranicza\u0107 czas potrzebny na realizacj\u0119 transakcji.<\/strong> To dobre rozwi\u0105zanie dla firm, kt\u00f3re szukaj\u0105 nowoczesnego urz\u0105dzenia fiskalnego \u0142\u0105cz\u0105cego funkcjonalno\u015b\u0107, estetyk\u0119 i niezawodno\u015b\u0107. W po\u0142\u0105czeniu z odpowiednim oprogramowaniem sprzeda\u017cowym K2 Pay staje si\u0119 praktycznym narz\u0119dziem do obs\u0142ugi sprzeda\u017cy w ka\u017cdej bran\u017cy.<\/p>\n<p>&nbsp;<\/p>\n","protected":false},"excerpt":{"rendered":"<p>K2 Pay to nowoczesna kasa fiskalna stworzona z my\u015bl\u0105 o wygodnej i szybkiej sprzeda\u017cy. Urz\u0105dzenie \u0142\u0105czy kompaktow\u0105 form\u0119, prost\u0105 obs\u0142ug\u0119 [&hellip;]<\/p>\n","protected":false},"featured_media":805,"comment_status":"open","ping_status":"closed","template":"","meta":{"site-sidebar-layout":"default","site-content-layout":"","ast-site-content-layout":"default","site-content-style":"default","site-sidebar-style":"default","ast-global-header-display":"","ast-banner-title-visibility":"","ast-main-header-display":"","ast-hfb-above-header-display":"","ast-hfb-below-header-display":"","ast-hfb-mobile-header-display":"","site-post-title":"","ast-breadcrumbs-content":"","ast-featured-img":"","footer-sml-layout":"","theme-transparent-header-meta":"default","adv-header-id-meta":"","stick-header-meta":"","header-above-stick-meta":"","header-main-stick-meta":"","header-below-stick-meta":"","astra-migrate-meta-layouts":"set","ast-page-background-enabled":"default","ast-page-background-meta":{"desktop":{"background-color":"var(--ast-global-color-4)","background-image":"","background-repeat":"repeat","background-position":"center center","background-size":"auto","background-attachment":"scroll","background-type":"","background-media":"","overlay-type":"","overlay-color":"","overlay-opacity":"","overlay-gradient":""},"tablet":{"background-color":"","background-image":"","background-repeat":"repeat","background-position":"center center","background-size":"auto","background-attachment":"scroll","background-type":"","background-media":"","overlay-type":"","overlay-color":"","overlay-opacity":"","overlay-gradient":""},"mobile":{"background-color":"","background-image":"","background-repeat":"repeat","background-position":"center center","background-size":"auto","background-attachment":"scroll","background-type":"","background-media":"","overlay-type":"","overlay-color":"","overlay-opacity":"","overlay-gradient":""}},"ast-content-background-meta":{"desktop":{"background-color":"var(--ast-global-color-5)","background-image":"","background-repeat":"repeat","background-position":"center center","background-size":"auto","background-attachment":"scroll","background-type":"","background-media":"","overlay-type":"","overlay-color":"","overlay-opacity":"","overlay-gradient":""},"tablet":{"background-color":"var(--ast-global-color-5)","background-image":"","background-repeat":"repeat","background-position":"center center","background-size":"auto","background-attachment":"scroll","background-type":"","background-media":"","overlay-type":"","overlay-color":"","overlay-opacity":"","overlay-gradient":""},"mobile":{"background-color":"var(--ast-global-color-5)","background-image":"","background-repeat":"repeat","background-position":"center center","background-size":"auto","background-attachment":"scroll","background-type":"","background-media":"","overlay-type":"","overlay-color":"","overlay-opacity":"","overlay-gradient":""}}},"product_brand":[],"product_cat":[36],"product_tag":[],"class_list":{"0":"post-798","1":"product","2":"type-product","3":"status-publish","4":"has-post-thumbnail","6":"product_cat-urzadzenia-all-in-one","7":"desktop-align-left","8":"tablet-align-left","9":"mobile-align-left","11":"first","12":"instock","13":"taxable","14":"shipping-taxable","15":"purchasable","16":"product-type-simple"},"aioseo_notices":[],"jetpack_sharing_enabled":true,"_links":{"self":[{"href":"https:\/\/wolanet.pl\/index.php?rest_route=\/wp\/v2\/product\/798","targetHints":{"allow":["GET"]}}],"collection":[{"href":"https:\/\/wolanet.pl\/index.php?rest_route=\/wp\/v2\/product"}],"about":[{"href":"https:\/\/wolanet.pl\/index.php?rest_route=\/wp\/v2\/types\/product"}],"replies":[{"embeddable":true,"href":"https:\/\/wolanet.pl\/index.php?rest_route=%2Fwp%2Fv2%2Fcomments&post=798"}],"wp:featuredmedia":[{"embeddable":true,"href":"https:\/\/wolanet.pl\/index.php?rest_route=\/wp\/v2\/media\/805"}],"wp:attachment":[{"href":"https:\/\/wolanet.pl\/index.php?rest_route=%2Fwp%2Fv2%2Fmedia&parent=798"}],"wp:term":[{"taxonomy":"product_brand","embeddable":true,"href":"https:\/\/wolanet.pl\/index.php?rest_route=%2Fwp%2Fv2%2Fproduct_brand&post=798"},{"taxonomy":"product_cat","embeddable":true,"href":"https:\/\/wolanet.pl\/index.php?rest_route=%2Fwp%2Fv2%2Fproduct_cat&post=798"},{"taxonomy":"product_tag","embeddable":true,"href":"https:\/\/wolanet.pl\/index.php?rest_route=%2Fwp%2Fv2%2Fproduct_tag&post=798"}],"curies":[{"name":"wp","href":"https:\/\/api.w.org\/{rel}","templated":true}]}}