{"id":773,"date":"2026-02-10T09:49:15","date_gmt":"2026-02-10T08:49:15","guid":{"rendered":"https:\/\/wolanet.pl\/?post_type=product&#038;p=773"},"modified":"2026-02-10T09:50:17","modified_gmt":"2026-02-10T08:50:17","slug":"pc-market-do-obslugi-sklepu","status":"publish","type":"product","link":"https:\/\/wolanet.pl\/?product=pc-market-do-obslugi-sklepu","title":{"rendered":"PC Market \u2013 do obs\u0142ugi sklepu"},"content":{"rendered":"<p>PC-Market 7 dla Windows jest programem przeznaczonym do zarz\u0105dzania sklepem, supermarketem, hurtowni\u0105 oraz sieci\u0105 sklep\u00f3w. Program jest przejrzysty i prosty w obs\u0142udze, w intuicyjny spos\u00f3b pozwala zarz\u0105dza\u0107 asortymentem towarowym oraz wykazem kontrahent\u00f3w.Program posiada bardzo bogaty modu\u0142 analiz i raport\u00f3w. Wsp\u00f3\u0142pracuje z wi\u0119kszo\u015bci\u0105 dost\u0119pnych na rynku kas, drukarek fiskalnych, a tak\u017ce wszelkiego rodzaju sprz\u0119tu jaki mo\u017cna spotka\u0107 w plac\u00f3wkach handlowych (wagi etykietuj\u0105ce, weryfikatory cen, kolektory danych, drukarki). W po\u0142\u0105czeniu z modu\u0142em centralnym, Konsol\u0105 Kupca, umo\u017cliwia sprawne zarz\u0105dzanie sieci\u0105 sklep\u00f3w. W\u015br\u00f3d ponad 3 tysi\u0119cy u\u017cytkownik\u00f3w PC-Market s\u0105 pojedyncze plac\u00f3wki handlowe, ma\u0142e sieci sklep\u00f3w obs\u0142ugiwane zdalnie z centrali oraz wi\u0119ksze sieci sklep\u00f3w niezale\u017cnych z centralnym zarz\u0105dzaniem za pomoc\u0105 Konsoli Kupca. PC-Market 7 to po\u0142\u0105czenie nowoczesnej technologii oraz kilkunastu lat do\u015bwiadczenia i ci\u0105g\u0142ego doskonalenia produktu zgodnie z potrzebami w\u0142a\u015bcicieli sklep\u00f3w.<\/p>\n","protected":false},"excerpt":{"rendered":"<p>PC-Market 7 dla Windows jest programem przeznaczonym do zarz\u0105dzania sklepem, supermarketem, hurtowni\u0105 oraz sieci\u0105 sklep\u00f3w. Program jest przejrzysty i prosty w obs\u0142udze, w intuicyjny spos\u00f3b pozwala zarz\u0105dza\u0107 asortymentem towarowym oraz wykazem kontrahent\u00f3w.Program posiada bardzo bogaty modu\u0142 analiz i raport\u00f3w. Wsp\u00f3\u0142pracuje z wi\u0119kszo\u015bci\u0105 dost\u0119pnych na rynku kas, drukarek fiskalnych, a tak\u017ce wszelkiego rodzaju sprz\u0119tu jaki mo\u017cna spotka\u0107 w plac\u00f3wkach handlowych (wagi etykietuj\u0105ce, weryfikatory cen, kolektory danych, drukarki). W po\u0142\u0105czeniu z modu\u0142em centralnym, Konsol\u0105 Kupca, umo\u017cliwia sprawne zarz\u0105dzanie sieci\u0105 sklep\u00f3w. W\u015br\u00f3d ponad 3 tysi\u0119cy u\u017cytkownik\u00f3w PC-Market s\u0105 pojedyncze plac\u00f3wki handlowe, ma\u0142e sieci sklep\u00f3w obs\u0142ugiwane zdalnie z centrali oraz wi\u0119ksze sieci sklep\u00f3w niezale\u017cnych z centralnym zarz\u0105dzaniem za pomoc\u0105 Konsoli Kupca. PC-Market 7 to po\u0142\u0105czenie nowoczesnej technologii oraz kilkunastu lat do\u015bwiadczenia i ci\u0105g\u0142ego doskonalenia produktu zgodnie z potrzebami w\u0142a\u015bcicieli sklep\u00f3w.<\/p>\n","protected":false},"featured_media":775,"comment_status":"open","ping_status":"closed","template":"","meta":{"site-sidebar-layout":"default","site-content-layout":"","ast-site-content-layout":"default","site-content-style":"default","site-sidebar-style":"default","ast-global-header-display":"","ast-banner-title-visibility":"","ast-main-header-display":"","ast-hfb-above-header-display":"","ast-hfb-below-header-display":"","ast-hfb-mobile-header-display":"","site-post-title":"","ast-breadcrumbs-content":"","ast-featured-img":"","footer-sml-layout":"","theme-transparent-header-meta":"default","adv-header-id-meta":"","stick-header-meta":"","header-above-stick-meta":"","header-main-stick-meta":"","header-below-stick-meta":"","astra-migrate-meta-layouts":"set","ast-page-background-enabled":"default","ast-page-background-meta":{"desktop":{"background-color":"var(--ast-global-color-4)","background-image":"","background-repeat":"repeat","background-position":"center center","background-size":"auto","background-attachment":"scroll","background-type":"","background-media":"","overlay-type":"","overlay-color":"","overlay-opacity":"","overlay-gradient":""},"tablet":{"background-color":"","background-image":"","background-repeat":"repeat","background-position":"center center","background-size":"auto","background-attachment":"scroll","background-type":"","background-media":"","overlay-type":"","overlay-color":"","overlay-opacity":"","overlay-gradient":""},"mobile":{"background-color":"","background-image":"","background-repeat":"repeat","background-position":"center center","background-size":"auto","background-attachment":"scroll","background-type":"","background-media":"","overlay-type":"","overlay-color":"","overlay-opacity":"","overlay-gradient":""}},"ast-content-background-meta":{"desktop":{"background-color":"var(--ast-global-color-5)","background-image":"","background-repeat":"repeat","background-position":"center center","background-size":"auto","background-attachment":"scroll","background-type":"","background-media":"","overlay-type":"","overlay-color":"","overlay-opacity":"","overlay-gradient":""},"tablet":{"background-color":"var(--ast-global-color-5)","background-image":"","background-repeat":"repeat","background-position":"center center","background-size":"auto","background-attachment":"scroll","background-type":"","background-media":"","overlay-type":"","overlay-color":"","overlay-opacity":"","overlay-gradient":""},"mobile":{"background-color":"var(--ast-global-color-5)","background-image":"","background-repeat":"repeat","background-position":"center center","background-size":"auto","background-attachment":"scroll","background-type":"","background-media":"","overlay-type":"","overlay-color":"","overlay-opacity":"","overlay-gradient":""}}},"product_brand":[],"product_cat":[33,32],"product_tag":[],"class_list":{"0":"post-773","1":"product","2":"type-product","3":"status-publish","4":"has-post-thumbnail","6":"product_cat-dla-sklepow","7":"product_cat-oprogramowanie","8":"desktop-align-left","9":"tablet-align-left","10":"mobile-align-left","12":"first","13":"instock","14":"taxable","15":"shipping-taxable","16":"purchasable","17":"product-type-simple"},"aioseo_notices":[],"jetpack_sharing_enabled":true,"_links":{"self":[{"href":"https:\/\/wolanet.pl\/index.php?rest_route=\/wp\/v2\/product\/773","targetHints":{"allow":["GET"]}}],"collection":[{"href":"https:\/\/wolanet.pl\/index.php?rest_route=\/wp\/v2\/product"}],"about":[{"href":"https:\/\/wolanet.pl\/index.php?rest_route=\/wp\/v2\/types\/product"}],"replies":[{"embeddable":true,"href":"https:\/\/wolanet.pl\/index.php?rest_route=%2Fwp%2Fv2%2Fcomments&post=773"}],"wp:featuredmedia":[{"embeddable":true,"href":"https:\/\/wolanet.pl\/index.php?rest_route=\/wp\/v2\/media\/775"}],"wp:attachment":[{"href":"https:\/\/wolanet.pl\/index.php?rest_route=%2Fwp%2Fv2%2Fmedia&parent=773"}],"wp:term":[{"taxonomy":"product_brand","embeddable":true,"href":"https:\/\/wolanet.pl\/index.php?rest_route=%2Fwp%2Fv2%2Fproduct_brand&post=773"},{"taxonomy":"product_cat","embeddable":true,"href":"https:\/\/wolanet.pl\/index.php?rest_route=%2Fwp%2Fv2%2Fproduct_cat&post=773"},{"taxonomy":"product_tag","embeddable":true,"href":"https:\/\/wolanet.pl\/index.php?rest_route=%2Fwp%2Fv2%2Fproduct_tag&post=773"}],"curies":[{"name":"wp","href":"https:\/\/api.w.org\/{rel}","templated":true}]}}