{"id":768,"date":"2026-02-10T09:30:15","date_gmt":"2026-02-10T08:30:15","guid":{"rendered":"https:\/\/wolanet.pl\/?post_type=product&#038;p=768"},"modified":"2026-02-10T09:45:22","modified_gmt":"2026-02-10T08:45:22","slug":"fis-pos-bistro","status":"publish","type":"product","link":"https:\/\/wolanet.pl\/?product=fis-pos-bistro","title":{"rendered":"FIS-POS Bistro"},"content":{"rendered":"<p>System POS dla gastronomii<br \/>\nFIS-POS BISTRO<br \/>\nSystem FIS-POS Bistro to oprogramowanie dla gastronomii stworzone po to, aby usprawnia\u0107 i przyspiesza\u0107 obs\u0142ug\u0119 klienta. Tym samym przek\u0142ada si\u0119 to na zwi\u0119kszenie lojalno\u015bci klient\u00f3w, kt\u00f3rzy ch\u0119tniej wracaj\u0105 do konkretnego lokalu gastronomicznego. Obecno\u015b\u0107 w lokalu dedykowanego programu dla gastronomii ma wiele zalet. Dzi\u0119ki intuicyjno\u015bci jego obs\u0142uga nie zajmuje zbyt d\u0142ugo czasu. Atutem jest te\u017c mo\u017cliwo\u015b\u0107 dwojakiej obs\u0142ugi. Dla os\u00f3b bardziej zaawansowanych dost\u0119pna jest opcja obs\u0142ugi bezdotykowej, natomiast dla zwolennik\u00f3w standardowych rozwi\u0105za\u0144, mo\u017cliwa jest obs\u0142uga przy pomocy myszki.<\/p>\n<p>Opr\u00f3cz tego, \u017ce system jest u\u0142atwieniem obs\u0142ugi klienta, posiada on tak\u017ce szereg rozwi\u0105za\u0144, kt\u00f3re pozwalaj\u0105 kontrolowa\u0107 m.in. stan magazynowy. Mo\u017cliwy jest przep\u0142yw danych sprzeda\u017cy, jak i towar\u00f3w, u\u017cytkownik\u00f3w, a tak\u017ce samej produkcji. Istnieje wi\u0119c mo\u017cliwo\u015b\u0107 wyboru, w jaki spos\u00f3b program dla gastronomii ma dzia\u0142a\u0107 na co dzie\u0144 \u2013 samodzielnie czy w integracji z FIS, umo\u017cliwiaj\u0105cym obs\u0142ug\u0119 magazynow\u0105.<\/p>\n","protected":false},"excerpt":{"rendered":"<p><img decoding=\"async\" class=\"alignnone size-full wp-image-769\" src=\"https:\/\/wolanet.pl\/wp-content\/uploads\/2026\/02\/Zrzut-ekranu-2026-02-10-092838.png\" alt=\"\" width=\"197\" height=\"253\" \/><\/p>\n","protected":false},"featured_media":772,"comment_status":"open","ping_status":"closed","template":"","meta":{"site-sidebar-layout":"default","site-content-layout":"","ast-site-content-layout":"default","site-content-style":"default","site-sidebar-style":"default","ast-global-header-display":"","ast-banner-title-visibility":"","ast-main-header-display":"","ast-hfb-above-header-display":"","ast-hfb-below-header-display":"","ast-hfb-mobile-header-display":"","site-post-title":"","ast-breadcrumbs-content":"","ast-featured-img":"","footer-sml-layout":"","theme-transparent-header-meta":"default","adv-header-id-meta":"","stick-header-meta":"","header-above-stick-meta":"","header-main-stick-meta":"","header-below-stick-meta":"","astra-migrate-meta-layouts":"set","ast-page-background-enabled":"default","ast-page-background-meta":{"desktop":{"background-color":"var(--ast-global-color-4)","background-image":"","background-repeat":"repeat","background-position":"center center","background-size":"auto","background-attachment":"scroll","background-type":"","background-media":"","overlay-type":"","overlay-color":"","overlay-opacity":"","overlay-gradient":""},"tablet":{"background-color":"","background-image":"","background-repeat":"repeat","background-position":"center center","background-size":"auto","background-attachment":"scroll","background-type":"","background-media":"","overlay-type":"","overlay-color":"","overlay-opacity":"","overlay-gradient":""},"mobile":{"background-color":"","background-image":"","background-repeat":"repeat","background-position":"center center","background-size":"auto","background-attachment":"scroll","background-type":"","background-media":"","overlay-type":"","overlay-color":"","overlay-opacity":"","overlay-gradient":""}},"ast-content-background-meta":{"desktop":{"background-color":"var(--ast-global-color-5)","background-image":"","background-repeat":"repeat","background-position":"center center","background-size":"auto","background-attachment":"scroll","background-type":"","background-media":"","overlay-type":"","overlay-color":"","overlay-opacity":"","overlay-gradient":""},"tablet":{"background-color":"var(--ast-global-color-5)","background-image":"","background-repeat":"repeat","background-position":"center center","background-size":"auto","background-attachment":"scroll","background-type":"","background-media":"","overlay-type":"","overlay-color":"","overlay-opacity":"","overlay-gradient":""},"mobile":{"background-color":"var(--ast-global-color-5)","background-image":"","background-repeat":"repeat","background-position":"center center","background-size":"auto","background-attachment":"scroll","background-type":"","background-media":"","overlay-type":"","overlay-color":"","overlay-opacity":"","overlay-gradient":""}}},"product_brand":[],"product_cat":[34,32],"product_tag":[],"class_list":{"0":"post-768","1":"product","2":"type-product","3":"status-publish","4":"has-post-thumbnail","6":"product_cat-dla-gastronomii","7":"product_cat-oprogramowanie","8":"desktop-align-left","9":"tablet-align-left","10":"mobile-align-left","12":"first","13":"instock","14":"taxable","15":"shipping-taxable","16":"purchasable","17":"product-type-simple"},"aioseo_notices":[],"jetpack_sharing_enabled":true,"_links":{"self":[{"href":"https:\/\/wolanet.pl\/index.php?rest_route=\/wp\/v2\/product\/768","targetHints":{"allow":["GET"]}}],"collection":[{"href":"https:\/\/wolanet.pl\/index.php?rest_route=\/wp\/v2\/product"}],"about":[{"href":"https:\/\/wolanet.pl\/index.php?rest_route=\/wp\/v2\/types\/product"}],"replies":[{"embeddable":true,"href":"https:\/\/wolanet.pl\/index.php?rest_route=%2Fwp%2Fv2%2Fcomments&post=768"}],"wp:featuredmedia":[{"embeddable":true,"href":"https:\/\/wolanet.pl\/index.php?rest_route=\/wp\/v2\/media\/772"}],"wp:attachment":[{"href":"https:\/\/wolanet.pl\/index.php?rest_route=%2Fwp%2Fv2%2Fmedia&parent=768"}],"wp:term":[{"taxonomy":"product_brand","embeddable":true,"href":"https:\/\/wolanet.pl\/index.php?rest_route=%2Fwp%2Fv2%2Fproduct_brand&post=768"},{"taxonomy":"product_cat","embeddable":true,"href":"https:\/\/wolanet.pl\/index.php?rest_route=%2Fwp%2Fv2%2Fproduct_cat&post=768"},{"taxonomy":"product_tag","embeddable":true,"href":"https:\/\/wolanet.pl\/index.php?rest_route=%2Fwp%2Fv2%2Fproduct_tag&post=768"}],"curies":[{"name":"wp","href":"https:\/\/api.w.org\/{rel}","templated":true}]}}