{"id":615,"date":"2025-07-02T06:40:05","date_gmt":"2025-07-02T04:40:05","guid":{"rendered":"https:\/\/wolanet.pl\/?post_type=product&#038;p=615"},"modified":"2025-07-09T10:21:30","modified_gmt":"2025-07-09T08:21:30","slug":"elzab-zeta-online","status":"publish","type":"product","link":"https:\/\/wolanet.pl\/?product=elzab-zeta-online","title":{"rendered":"Elzab Zeta Online"},"content":{"rendered":"<p>Przed Pa\u0144stwem ELZAB Zeta ONLINE &#8211; ma\u0142a drukarka fiskalna, z du\u017cymi mo\u017cliwo\u015bciami, w atrakcyjnej cenie. Przeznaczona jest do ma\u0142ych i \u015brednich punkt\u00f3w sprzeda\u017cy. Z uwagi na kompaktow\u0105 obudow\u0119 zajmuje niewiele miejsca na ladzie. Mimo niewielkich gabaryt\u00f3w drukarka mie\u015bci 60-cio metrow\u0105 rolk\u0119 papieru. Do Zety online mo\u017cna pod\u0142\u0105czy\u0107 dodatkowy wy\u015bwietlacz na s\u0142upku (wymaga oddzielnego zakupu).<br \/>\nW standardzie oferuje komunikacj\u0119 bezprzewodow\u0105 (Bluetooth\/WiFi), ale wyposa\u017cona jest r\u00f3wnie\u017c w z\u0142\u0105cze USB (wirtualna karta sieciowa), kt\u00f3re mo\u017cna wykorzysta\u0107 do komunikacji z Centralnym Repozytorium Kas.<br \/>\nDrukarka pozwala na wydruk faktur VAT oraz r\u00f3\u017cnego rodzaju wydruk\u00f3w niefiskalnych (tzw. formatek).<\/p>\n","protected":false},"excerpt":{"rendered":"<p>Przed Pa\u0144stwem ELZAB Zeta ONLINE &#8211; ma\u0142a drukarka fiskalna, z du\u017cymi mo\u017cliwo\u015bciami, w atrakcyjnej cenie. Przeznaczona jest do ma\u0142ych i \u015brednich punkt\u00f3w sprzeda\u017cy. Z uwagi na kompaktow\u0105 obudow\u0119 zajmuje niewiele miejsca na ladzie.<\/p>\n","protected":false},"featured_media":618,"comment_status":"open","ping_status":"closed","template":"","meta":{"site-sidebar-layout":"default","site-content-layout":"","ast-site-content-layout":"default","site-content-style":"default","site-sidebar-style":"default","ast-global-header-display":"","ast-banner-title-visibility":"","ast-main-header-display":"","ast-hfb-above-header-display":"","ast-hfb-below-header-display":"","ast-hfb-mobile-header-display":"","site-post-title":"","ast-breadcrumbs-content":"","ast-featured-img":"","footer-sml-layout":"","theme-transparent-header-meta":"default","adv-header-id-meta":"","stick-header-meta":"","header-above-stick-meta":"","header-main-stick-meta":"","header-below-stick-meta":"","astra-migrate-meta-layouts":"set","ast-page-background-enabled":"default","ast-page-background-meta":{"desktop":{"background-color":"var(--ast-global-color-4)","background-image":"","background-repeat":"repeat","background-position":"center center","background-size":"auto","background-attachment":"scroll","background-type":"","background-media":"","overlay-type":"","overlay-color":"","overlay-opacity":"","overlay-gradient":""},"tablet":{"background-color":"","background-image":"","background-repeat":"repeat","background-position":"center center","background-size":"auto","background-attachment":"scroll","background-type":"","background-media":"","overlay-type":"","overlay-color":"","overlay-opacity":"","overlay-gradient":""},"mobile":{"background-color":"","background-image":"","background-repeat":"repeat","background-position":"center center","background-size":"auto","background-attachment":"scroll","background-type":"","background-media":"","overlay-type":"","overlay-color":"","overlay-opacity":"","overlay-gradient":""}},"ast-content-background-meta":{"desktop":{"background-color":"var(--ast-global-color-5)","background-image":"","background-repeat":"repeat","background-position":"center center","background-size":"auto","background-attachment":"scroll","background-type":"","background-media":"","overlay-type":"","overlay-color":"","overlay-opacity":"","overlay-gradient":""},"tablet":{"background-color":"var(--ast-global-color-5)","background-image":"","background-repeat":"repeat","background-position":"center center","background-size":"auto","background-attachment":"scroll","background-type":"","background-media":"","overlay-type":"","overlay-color":"","overlay-opacity":"","overlay-gradient":""},"mobile":{"background-color":"var(--ast-global-color-5)","background-image":"","background-repeat":"repeat","background-position":"center center","background-size":"auto","background-attachment":"scroll","background-type":"","background-media":"","overlay-type":"","overlay-color":"","overlay-opacity":"","overlay-gradient":""}}},"product_brand":[],"product_cat":[24],"product_tag":[],"class_list":{"0":"post-615","1":"product","2":"type-product","3":"status-publish","4":"has-post-thumbnail","6":"product_cat-drukarki-fiskalne-elzab","7":"desktop-align-left","8":"tablet-align-left","9":"mobile-align-left","11":"first","12":"instock","13":"taxable","14":"shipping-taxable","15":"purchasable","16":"product-type-simple"},"aioseo_notices":[],"jetpack_sharing_enabled":true,"_links":{"self":[{"href":"https:\/\/wolanet.pl\/index.php?rest_route=\/wp\/v2\/product\/615","targetHints":{"allow":["GET"]}}],"collection":[{"href":"https:\/\/wolanet.pl\/index.php?rest_route=\/wp\/v2\/product"}],"about":[{"href":"https:\/\/wolanet.pl\/index.php?rest_route=\/wp\/v2\/types\/product"}],"replies":[{"embeddable":true,"href":"https:\/\/wolanet.pl\/index.php?rest_route=%2Fwp%2Fv2%2Fcomments&post=615"}],"wp:featuredmedia":[{"embeddable":true,"href":"https:\/\/wolanet.pl\/index.php?rest_route=\/wp\/v2\/media\/618"}],"wp:attachment":[{"href":"https:\/\/wolanet.pl\/index.php?rest_route=%2Fwp%2Fv2%2Fmedia&parent=615"}],"wp:term":[{"taxonomy":"product_brand","embeddable":true,"href":"https:\/\/wolanet.pl\/index.php?rest_route=%2Fwp%2Fv2%2Fproduct_brand&post=615"},{"taxonomy":"product_cat","embeddable":true,"href":"https:\/\/wolanet.pl\/index.php?rest_route=%2Fwp%2Fv2%2Fproduct_cat&post=615"},{"taxonomy":"product_tag","embeddable":true,"href":"https:\/\/wolanet.pl\/index.php?rest_route=%2Fwp%2Fv2%2Fproduct_tag&post=615"}],"curies":[{"name":"wp","href":"https:\/\/api.w.org\/{rel}","templated":true}]}}