{"id":612,"date":"2025-07-02T06:33:22","date_gmt":"2025-07-02T04:33:22","guid":{"rendered":"https:\/\/wolanet.pl\/?post_type=product&#038;p=612"},"modified":"2025-07-09T10:23:15","modified_gmt":"2025-07-09T08:23:15","slug":"elzab-mera-online","status":"publish","type":"product","link":"https:\/\/wolanet.pl\/?product=elzab-mera-online","title":{"rendered":"Elzab Mera Online"},"content":{"rendered":"<p>Wyposa\u017cona w z\u0142\u0105cze LAN oraz w modu\u0142 komunikacji bezprzewodowej (Bluetooth\/ WiFi), kt\u00f3re mo\u017cna wykorzysta\u0107 do komunikacji z Centralnym Repozytorium Kas. Pod\u0142\u0105czana do komputera za po\u015brednictwem USB, LAN lub RS232.<\/p>\n<ul>\n<li>komunikacja z Centralnym Repozytorium Kas<\/li>\n<li>kolorowy wy\u015bwietlacz TFT 4,3\u201d o regulowanym po\u0142o\u017ceniu, z mo\u017cliwo\u015bci\u0105 wy\u015bwietlania do o\u015bmiu grafik (logo apteki, reklamy), komunikat\u00f3w lub aktualnej daty i godziny<\/li>\n<li>mo\u017cliwo\u015b\u0107 pod\u0142\u0105czenia dodatkowego, wolnostoj\u0105cego wy\u015bwietlacza<\/li>\n<li>wydruk faktur VAT<\/li>\n<li>superformatka \u2013 generowanie dowolnych wydruk\u00f3w niefiskalnych (potwierdze\u0144, pokwitowa\u0144, kupon\u00f3w rabatowych)<\/li>\n<\/ul>\n","protected":false},"excerpt":{"rendered":"<p>Doceniona przez liczne grono u\u017cytkownik\u00f3w drukarka ELZAB Mera dost\u0119pna w wersji ONLINE.<br \/>\nWysokiej klasy, szybka i wytrzyma\u0142a drukarka fiskalna z automatycznym obcinaczem papieru w standardzie.<br \/>\nIdealna do punkt\u00f3w o du\u017cym nat\u0119\u017ceniu ruchu. \u015awietnie sprawdzi si\u0119 w supermarkecie, hurtowni, hotelu, restauracji, ksi\u0119garni oraz stacji paliw. Jej niewielkie gabaryty stanowi\u0105 idealne rozwi\u0105zanie przy ograniczonej powierzchni lady sklepowej.<\/p>\n","protected":false},"featured_media":619,"comment_status":"open","ping_status":"closed","template":"","meta":{"site-sidebar-layout":"default","site-content-layout":"","ast-site-content-layout":"default","site-content-style":"default","site-sidebar-style":"default","ast-global-header-display":"","ast-banner-title-visibility":"","ast-main-header-display":"","ast-hfb-above-header-display":"","ast-hfb-below-header-display":"","ast-hfb-mobile-header-display":"","site-post-title":"","ast-breadcrumbs-content":"","ast-featured-img":"","footer-sml-layout":"","theme-transparent-header-meta":"default","adv-header-id-meta":"","stick-header-meta":"","header-above-stick-meta":"","header-main-stick-meta":"","header-below-stick-meta":"","astra-migrate-meta-layouts":"set","ast-page-background-enabled":"default","ast-page-background-meta":{"desktop":{"background-color":"var(--ast-global-color-4)","background-image":"","background-repeat":"repeat","background-position":"center center","background-size":"auto","background-attachment":"scroll","background-type":"","background-media":"","overlay-type":"","overlay-color":"","overlay-opacity":"","overlay-gradient":""},"tablet":{"background-color":"","background-image":"","background-repeat":"repeat","background-position":"center center","background-size":"auto","background-attachment":"scroll","background-type":"","background-media":"","overlay-type":"","overlay-color":"","overlay-opacity":"","overlay-gradient":""},"mobile":{"background-color":"","background-image":"","background-repeat":"repeat","background-position":"center center","background-size":"auto","background-attachment":"scroll","background-type":"","background-media":"","overlay-type":"","overlay-color":"","overlay-opacity":"","overlay-gradient":""}},"ast-content-background-meta":{"desktop":{"background-color":"var(--ast-global-color-5)","background-image":"","background-repeat":"repeat","background-position":"center center","background-size":"auto","background-attachment":"scroll","background-type":"","background-media":"","overlay-type":"","overlay-color":"","overlay-opacity":"","overlay-gradient":""},"tablet":{"background-color":"var(--ast-global-color-5)","background-image":"","background-repeat":"repeat","background-position":"center center","background-size":"auto","background-attachment":"scroll","background-type":"","background-media":"","overlay-type":"","overlay-color":"","overlay-opacity":"","overlay-gradient":""},"mobile":{"background-color":"var(--ast-global-color-5)","background-image":"","background-repeat":"repeat","background-position":"center center","background-size":"auto","background-attachment":"scroll","background-type":"","background-media":"","overlay-type":"","overlay-color":"","overlay-opacity":"","overlay-gradient":""}}},"product_brand":[],"product_cat":[24],"product_tag":[],"class_list":{"0":"post-612","1":"product","2":"type-product","3":"status-publish","4":"has-post-thumbnail","6":"product_cat-drukarki-fiskalne-elzab","7":"desktop-align-left","8":"tablet-align-left","9":"mobile-align-left","11":"first","12":"instock","13":"taxable","14":"shipping-taxable","15":"purchasable","16":"product-type-variable"},"aioseo_notices":[],"jetpack_sharing_enabled":true,"_links":{"self":[{"href":"https:\/\/wolanet.pl\/index.php?rest_route=\/wp\/v2\/product\/612","targetHints":{"allow":["GET"]}}],"collection":[{"href":"https:\/\/wolanet.pl\/index.php?rest_route=\/wp\/v2\/product"}],"about":[{"href":"https:\/\/wolanet.pl\/index.php?rest_route=\/wp\/v2\/types\/product"}],"replies":[{"embeddable":true,"href":"https:\/\/wolanet.pl\/index.php?rest_route=%2Fwp%2Fv2%2Fcomments&post=612"}],"wp:featuredmedia":[{"embeddable":true,"href":"https:\/\/wolanet.pl\/index.php?rest_route=\/wp\/v2\/media\/619"}],"wp:attachment":[{"href":"https:\/\/wolanet.pl\/index.php?rest_route=%2Fwp%2Fv2%2Fmedia&parent=612"}],"wp:term":[{"taxonomy":"product_brand","embeddable":true,"href":"https:\/\/wolanet.pl\/index.php?rest_route=%2Fwp%2Fv2%2Fproduct_brand&post=612"},{"taxonomy":"product_cat","embeddable":true,"href":"https:\/\/wolanet.pl\/index.php?rest_route=%2Fwp%2Fv2%2Fproduct_cat&post=612"},{"taxonomy":"product_tag","embeddable":true,"href":"https:\/\/wolanet.pl\/index.php?rest_route=%2Fwp%2Fv2%2Fproduct_tag&post=612"}],"curies":[{"name":"wp","href":"https:\/\/api.w.org\/{rel}","templated":true}]}}