{"id":594,"date":"2025-07-02T06:21:04","date_gmt":"2025-07-02T04:21:04","guid":{"rendered":"https:\/\/wolanet.pl\/?post_type=product&#038;p=594"},"modified":"2025-07-09T10:32:23","modified_gmt":"2025-07-09T08:32:23","slug":"elzab-k10-online","status":"publish","type":"product","link":"https:\/\/wolanet.pl\/?product=elzab-k10-online","title":{"rendered":"Elzab K10 Online"},"content":{"rendered":"<p>Mobilna kasa fiskalna ONLINE z dotykow\u0105, kontekstow\u0105 klawiatur\u0105 zapewniaj\u0105c\u0105 intuicyjn\u0105 obs\u0142ug\u0119. ELZAB K10 ONLINE BT\/GPRS to kolejna kasa z najpopularniejszej na rynku linii mobilnych kas dotykowych ELZAB K10. Dedykowana zar\u00f3wno do pracy stacjonarnej jak i w terenie, w us\u0142ugach oraz ma\u0142ych plac\u00f3wkach handlowych.<br \/>\nUniwersalna, nowoczesna, solidna.<br \/>\nPrzetestowana w skrajnych warunkach atmosferycznych, zar\u00f3wno w s\u0142o\u0144cu, jak i na mrozie. Mo\u017cna j\u0105 obs\u0142ugiwa\u0107 w zimowych r\u0119kawiczkach. Posiada wymienn\u0105 bateri\u0119 o du\u017cej pojemno\u015bci.<br \/>\nModem GPRS wraz z kart\u0105 SIM i pakietem danych zapewnia \u0142\u0105czno\u015b\u0107 kasy z Centralnym Repozytorium Kas (CRK).<\/p>\n","protected":false},"excerpt":{"rendered":"<p>Mobilna kasa fiskalna ONLINE z dotykow\u0105, kontekstow\u0105 klawiatur\u0105 zapewniaj\u0105c\u0105 intuicyjn\u0105 obs\u0142ug\u0119. ELZAB K10 ONLINE BT\/GPRS to kolejna kasa z najpopularniejszej na rynku linii mobilnych kas dotykowych ELZAB K10. Dedykowana zar\u00f3wno do pracy stacjonarnej jak i w terenie, w us\u0142ugach oraz ma\u0142ych plac\u00f3wkach handlowych.<\/p>\n","protected":false},"featured_media":622,"comment_status":"open","ping_status":"closed","template":"","meta":{"site-sidebar-layout":"default","site-content-layout":"","ast-site-content-layout":"default","site-content-style":"default","site-sidebar-style":"default","ast-global-header-display":"","ast-banner-title-visibility":"","ast-main-header-display":"","ast-hfb-above-header-display":"","ast-hfb-below-header-display":"","ast-hfb-mobile-header-display":"","site-post-title":"","ast-breadcrumbs-content":"","ast-featured-img":"","footer-sml-layout":"","theme-transparent-header-meta":"default","adv-header-id-meta":"","stick-header-meta":"","header-above-stick-meta":"","header-main-stick-meta":"","header-below-stick-meta":"","astra-migrate-meta-layouts":"set","ast-page-background-enabled":"default","ast-page-background-meta":{"desktop":{"background-color":"var(--ast-global-color-4)","background-image":"","background-repeat":"repeat","background-position":"center center","background-size":"auto","background-attachment":"scroll","background-type":"","background-media":"","overlay-type":"","overlay-color":"","overlay-opacity":"","overlay-gradient":""},"tablet":{"background-color":"","background-image":"","background-repeat":"repeat","background-position":"center center","background-size":"auto","background-attachment":"scroll","background-type":"","background-media":"","overlay-type":"","overlay-color":"","overlay-opacity":"","overlay-gradient":""},"mobile":{"background-color":"","background-image":"","background-repeat":"repeat","background-position":"center center","background-size":"auto","background-attachment":"scroll","background-type":"","background-media":"","overlay-type":"","overlay-color":"","overlay-opacity":"","overlay-gradient":""}},"ast-content-background-meta":{"desktop":{"background-color":"var(--ast-global-color-5)","background-image":"","background-repeat":"repeat","background-position":"center center","background-size":"auto","background-attachment":"scroll","background-type":"","background-media":"","overlay-type":"","overlay-color":"","overlay-opacity":"","overlay-gradient":""},"tablet":{"background-color":"var(--ast-global-color-5)","background-image":"","background-repeat":"repeat","background-position":"center center","background-size":"auto","background-attachment":"scroll","background-type":"","background-media":"","overlay-type":"","overlay-color":"","overlay-opacity":"","overlay-gradient":""},"mobile":{"background-color":"var(--ast-global-color-5)","background-image":"","background-repeat":"repeat","background-position":"center center","background-size":"auto","background-attachment":"scroll","background-type":"","background-media":"","overlay-type":"","overlay-color":"","overlay-opacity":"","overlay-gradient":""}}},"product_brand":[],"product_cat":[25],"product_tag":[],"class_list":{"0":"post-594","1":"product","2":"type-product","3":"status-publish","4":"has-post-thumbnail","6":"product_cat-male-mobilne","7":"desktop-align-left","8":"tablet-align-left","9":"mobile-align-left","11":"first","12":"instock","13":"taxable","14":"shipping-taxable","15":"purchasable","16":"product-type-variable"},"aioseo_notices":[],"jetpack_sharing_enabled":true,"_links":{"self":[{"href":"https:\/\/wolanet.pl\/index.php?rest_route=\/wp\/v2\/product\/594","targetHints":{"allow":["GET"]}}],"collection":[{"href":"https:\/\/wolanet.pl\/index.php?rest_route=\/wp\/v2\/product"}],"about":[{"href":"https:\/\/wolanet.pl\/index.php?rest_route=\/wp\/v2\/types\/product"}],"replies":[{"embeddable":true,"href":"https:\/\/wolanet.pl\/index.php?rest_route=%2Fwp%2Fv2%2Fcomments&post=594"}],"wp:featuredmedia":[{"embeddable":true,"href":"https:\/\/wolanet.pl\/index.php?rest_route=\/wp\/v2\/media\/622"}],"wp:attachment":[{"href":"https:\/\/wolanet.pl\/index.php?rest_route=%2Fwp%2Fv2%2Fmedia&parent=594"}],"wp:term":[{"taxonomy":"product_brand","embeddable":true,"href":"https:\/\/wolanet.pl\/index.php?rest_route=%2Fwp%2Fv2%2Fproduct_brand&post=594"},{"taxonomy":"product_cat","embeddable":true,"href":"https:\/\/wolanet.pl\/index.php?rest_route=%2Fwp%2Fv2%2Fproduct_cat&post=594"},{"taxonomy":"product_tag","embeddable":true,"href":"https:\/\/wolanet.pl\/index.php?rest_route=%2Fwp%2Fv2%2Fproduct_tag&post=594"}],"curies":[{"name":"wp","href":"https:\/\/api.w.org\/{rel}","templated":true}]}}