{"id":591,"date":"2025-07-02T06:12:11","date_gmt":"2025-07-02T04:12:11","guid":{"rendered":"https:\/\/wolanet.pl\/?post_type=product&#038;p=591"},"modified":"2025-07-09T10:36:12","modified_gmt":"2025-07-09T08:36:12","slug":"elzab-k1-slim-online","status":"publish","type":"product","link":"https:\/\/wolanet.pl\/?product=elzab-k1-slim-online","title":{"rendered":"Elzab K1 Slim Online"},"content":{"rendered":"<p>Kieszonkowa kasa fiskalna ONLINE zamkni\u0119ta w unikalnej obudowie o rozmiarze zbli\u017conym do smartfona. Mobilna, por\u0119czna i wyj\u0105tkowo smuk\u0142a \u2013 bez problemu mie\u015bci si\u0119 w d\u0142oni. Posiada kolorowy, du\u017cy i czytelny wy\u015bwietlacz 5\u201d o wysokiej rozdzielczo\u015bci, z dotykow\u0105 klawiatur\u0105 umo\u017cliwiaj\u0105c\u0105 intuicyjn\u0105 obs\u0142ug\u0119. Wydajny akumulator pozwala na prac\u0119 w dowolnym miejscu, a gdy konieczne jest pod\u0142adowanie, mo\u017cna to zrobi\u0107 za pomoc\u0105 \u0142adowarki lub powerbanku przez z\u0142\u0105cze USB.<\/p>\n<ul>\n<li>najmniejsza kasa fiskalna na rynku<\/li>\n<li>lekka, mobilna i por\u0119czna<\/li>\n<li>modny design, rozwi\u0105zania znane z telefon\u00f3w kom\u00f3rkowych<\/li>\n<li>idealnie g\u0142adka, oleofobowa pow\u0142oka wy\u015bwietlacza u\u0142atwia czyszczenie ekranu<\/li>\n<\/ul>\n","protected":false},"excerpt":{"rendered":"<p>Kieszonkowa kasa fiskalna ONLINE zamkni\u0119ta w unikalnej obudowie o rozmiarze zbli\u017conym do smartfona. Mobilna, por\u0119czna i wyj\u0105tkowo smuk\u0142a \u2013 bez problemu mie\u015bci si\u0119 w d\u0142oni. Posiada kolorowy, du\u017cy i czytelny wy\u015bwietlacz 5\u201d o wysokiej rozdzielczo\u015bci, z dotykow\u0105 klawiatur\u0105 umo\u017cliwiaj\u0105c\u0105 intuicyjn\u0105 obs\u0142ug\u0119. Wydajny akumulator pozwala na prac\u0119 w dowolnym miejscu, a gdy konieczne jest pod\u0142adowanie, mo\u017cna to zrobi\u0107 za pomoc\u0105 \u0142adowarki lub powerbanku przez z\u0142\u0105cze USB.<\/p>\n","protected":false},"featured_media":624,"comment_status":"open","ping_status":"closed","template":"","meta":{"site-sidebar-layout":"default","site-content-layout":"","ast-site-content-layout":"default","site-content-style":"default","site-sidebar-style":"default","ast-global-header-display":"","ast-banner-title-visibility":"","ast-main-header-display":"","ast-hfb-above-header-display":"","ast-hfb-below-header-display":"","ast-hfb-mobile-header-display":"","site-post-title":"","ast-breadcrumbs-content":"","ast-featured-img":"","footer-sml-layout":"","theme-transparent-header-meta":"default","adv-header-id-meta":"","stick-header-meta":"","header-above-stick-meta":"","header-main-stick-meta":"","header-below-stick-meta":"","astra-migrate-meta-layouts":"set","ast-page-background-enabled":"default","ast-page-background-meta":{"desktop":{"background-color":"var(--ast-global-color-4)","background-image":"","background-repeat":"repeat","background-position":"center center","background-size":"auto","background-attachment":"scroll","background-type":"","background-media":"","overlay-type":"","overlay-color":"","overlay-opacity":"","overlay-gradient":""},"tablet":{"background-color":"","background-image":"","background-repeat":"repeat","background-position":"center center","background-size":"auto","background-attachment":"scroll","background-type":"","background-media":"","overlay-type":"","overlay-color":"","overlay-opacity":"","overlay-gradient":""},"mobile":{"background-color":"","background-image":"","background-repeat":"repeat","background-position":"center center","background-size":"auto","background-attachment":"scroll","background-type":"","background-media":"","overlay-type":"","overlay-color":"","overlay-opacity":"","overlay-gradient":""}},"ast-content-background-meta":{"desktop":{"background-color":"var(--ast-global-color-5)","background-image":"","background-repeat":"repeat","background-position":"center center","background-size":"auto","background-attachment":"scroll","background-type":"","background-media":"","overlay-type":"","overlay-color":"","overlay-opacity":"","overlay-gradient":""},"tablet":{"background-color":"var(--ast-global-color-5)","background-image":"","background-repeat":"repeat","background-position":"center center","background-size":"auto","background-attachment":"scroll","background-type":"","background-media":"","overlay-type":"","overlay-color":"","overlay-opacity":"","overlay-gradient":""},"mobile":{"background-color":"var(--ast-global-color-5)","background-image":"","background-repeat":"repeat","background-position":"center center","background-size":"auto","background-attachment":"scroll","background-type":"","background-media":"","overlay-type":"","overlay-color":"","overlay-opacity":"","overlay-gradient":""}}},"product_brand":[],"product_cat":[25],"product_tag":[],"class_list":{"0":"post-591","1":"product","2":"type-product","3":"status-publish","4":"has-post-thumbnail","6":"product_cat-male-mobilne","7":"desktop-align-left","8":"tablet-align-left","9":"mobile-align-left","11":"first","12":"instock","13":"taxable","14":"shipping-taxable","15":"purchasable","16":"product-type-variable"},"aioseo_notices":[],"jetpack_sharing_enabled":true,"_links":{"self":[{"href":"https:\/\/wolanet.pl\/index.php?rest_route=\/wp\/v2\/product\/591","targetHints":{"allow":["GET"]}}],"collection":[{"href":"https:\/\/wolanet.pl\/index.php?rest_route=\/wp\/v2\/product"}],"about":[{"href":"https:\/\/wolanet.pl\/index.php?rest_route=\/wp\/v2\/types\/product"}],"replies":[{"embeddable":true,"href":"https:\/\/wolanet.pl\/index.php?rest_route=%2Fwp%2Fv2%2Fcomments&post=591"}],"wp:featuredmedia":[{"embeddable":true,"href":"https:\/\/wolanet.pl\/index.php?rest_route=\/wp\/v2\/media\/624"}],"wp:attachment":[{"href":"https:\/\/wolanet.pl\/index.php?rest_route=%2Fwp%2Fv2%2Fmedia&parent=591"}],"wp:term":[{"taxonomy":"product_brand","embeddable":true,"href":"https:\/\/wolanet.pl\/index.php?rest_route=%2Fwp%2Fv2%2Fproduct_brand&post=591"},{"taxonomy":"product_cat","embeddable":true,"href":"https:\/\/wolanet.pl\/index.php?rest_route=%2Fwp%2Fv2%2Fproduct_cat&post=591"},{"taxonomy":"product_tag","embeddable":true,"href":"https:\/\/wolanet.pl\/index.php?rest_route=%2Fwp%2Fv2%2Fproduct_tag&post=591"}],"curies":[{"name":"wp","href":"https:\/\/api.w.org\/{rel}","templated":true}]}}