{"id":585,"date":"2025-07-02T05:57:54","date_gmt":"2025-07-02T03:57:54","guid":{"rendered":"https:\/\/wolanet.pl\/?post_type=product&#038;p=585"},"modified":"2025-07-09T10:41:10","modified_gmt":"2025-07-09T08:41:10","slug":"novitus-bono-online","status":"publish","type":"product","link":"https:\/\/wolanet.pl\/?product=novitus-bono-online","title":{"rendered":"Novitus Bono Online"},"content":{"rendered":"<p>Drukarka fiskalna BONO Online to urz\u0105dzenie fiskalne umo\u017cliwiaj\u0105ce po\u0142\u0105czenie i przesy\u0142anie danych do Centralnego Repozytorium Kas za po\u015brednictwem sieci teleinformatycznej. Z Centralnym Repozytorium Kas oraz programem sprzeda\u017cy drukarka mo\u017ce komunikowa\u0107 si\u0119 za pomoc\u0105 standardowej sieci komputerowej poprzez wbudowane z\u0142\u0105cze LAN, RS232 lub np. do\u0142\u0105czony do portu USB modu\u0142 Wi-Fi. Drukarka obs\u0142uguje najpopularniejsze na rynku protoko\u0142y komunikacyjne dla program\u00f3w sprzeda\u017cy: Novitus i Novitus zgodny. Posiada r\u00f3wnie\u017c najnowszy protok\u00f3\u0142 Novitus XML.<br \/>\nBONO online nale\u017cy do nowej rodziny urz\u0105dze\u0144 Novitus Online Power. Co to znaczy? Stworzyli\u015bmy lini\u0119 urz\u0105dze\u0144 o niespotykanej do tej pory mocy, na kt\u00f3r\u0105 sk\u0142adaj\u0105 si\u0119 m.in. 32 bitowe procesory o taktowaniu nawet do 524MHz, ogromna pami\u0119\u0107 wewn\u0119trza oraz 256MB pami\u0119ci operacyjnej.\u00a0 System LINUX gwarantuje stabiln\u0105 prac\u0119, a nasza platforma daje zapas mocy na wiele lat do przodu, niezale\u017cnie od przysz\u0142ych wyzwa\u0144. Bezpiecze\u0144stwo danych zapewnia modu\u0142 TPM oraz dwustronna autentykacja \u2013 rozwi\u0105zania sprawdzone w ponad 4 miliardach urz\u0105dze\u0144 na \u015bwiecie.<\/p>\n","protected":false},"excerpt":{"rendered":"<p>Drukarka fiskalna BONO Online to nowoczesna technologia, zamkni\u0119ta w por\u0119cznej i ergonomicznej obudowie z przeznaczeniem dla ma\u0142ych i \u015brednich punkt\u00f3w handlowych, gdzie sprzeda\u017c prowadzona jest z programu komputerowego, a drukarka b\u0119dzie fiskalnym uzupe\u0142nieniem tego stanowiska. BONO Online\u00a0nale\u017cy do segmentu najbardziej zaawansowanych urz\u0105dze\u0144 fiskalnych. Zdalne zarz\u0105dzanie, wbudowany serwer WWW, multi-komunikacja i najwy\u017csze standardy bezpiecze\u0144stwa danych oraz wydajny i trwa\u0142y mechanizm drukuj\u0105cy!<\/p>\n","protected":false},"featured_media":626,"comment_status":"open","ping_status":"closed","template":"","meta":{"site-sidebar-layout":"default","site-content-layout":"","ast-site-content-layout":"default","site-content-style":"default","site-sidebar-style":"default","ast-global-header-display":"","ast-banner-title-visibility":"","ast-main-header-display":"","ast-hfb-above-header-display":"","ast-hfb-below-header-display":"","ast-hfb-mobile-header-display":"","site-post-title":"","ast-breadcrumbs-content":"","ast-featured-img":"","footer-sml-layout":"","theme-transparent-header-meta":"default","adv-header-id-meta":"","stick-header-meta":"","header-above-stick-meta":"","header-main-stick-meta":"","header-below-stick-meta":"","astra-migrate-meta-layouts":"set","ast-page-background-enabled":"default","ast-page-background-meta":{"desktop":{"background-color":"var(--ast-global-color-4)","background-image":"","background-repeat":"repeat","background-position":"center center","background-size":"auto","background-attachment":"scroll","background-type":"","background-media":"","overlay-type":"","overlay-color":"","overlay-opacity":"","overlay-gradient":""},"tablet":{"background-color":"","background-image":"","background-repeat":"repeat","background-position":"center center","background-size":"auto","background-attachment":"scroll","background-type":"","background-media":"","overlay-type":"","overlay-color":"","overlay-opacity":"","overlay-gradient":""},"mobile":{"background-color":"","background-image":"","background-repeat":"repeat","background-position":"center center","background-size":"auto","background-attachment":"scroll","background-type":"","background-media":"","overlay-type":"","overlay-color":"","overlay-opacity":"","overlay-gradient":""}},"ast-content-background-meta":{"desktop":{"background-color":"var(--ast-global-color-5)","background-image":"","background-repeat":"repeat","background-position":"center center","background-size":"auto","background-attachment":"scroll","background-type":"","background-media":"","overlay-type":"","overlay-color":"","overlay-opacity":"","overlay-gradient":""},"tablet":{"background-color":"var(--ast-global-color-5)","background-image":"","background-repeat":"repeat","background-position":"center center","background-size":"auto","background-attachment":"scroll","background-type":"","background-media":"","overlay-type":"","overlay-color":"","overlay-opacity":"","overlay-gradient":""},"mobile":{"background-color":"var(--ast-global-color-5)","background-image":"","background-repeat":"repeat","background-position":"center center","background-size":"auto","background-attachment":"scroll","background-type":"","background-media":"","overlay-type":"","overlay-color":"","overlay-opacity":"","overlay-gradient":""}}},"product_brand":[],"product_cat":[23],"product_tag":[],"class_list":{"0":"post-585","1":"product","2":"type-product","3":"status-publish","4":"has-post-thumbnail","6":"product_cat-drukarki-fiskalne-novitus","7":"desktop-align-left","8":"tablet-align-left","9":"mobile-align-left","11":"first","12":"instock","13":"taxable","14":"shipping-taxable","15":"purchasable","16":"product-type-variable"},"aioseo_notices":[],"jetpack_sharing_enabled":true,"_links":{"self":[{"href":"https:\/\/wolanet.pl\/index.php?rest_route=\/wp\/v2\/product\/585","targetHints":{"allow":["GET"]}}],"collection":[{"href":"https:\/\/wolanet.pl\/index.php?rest_route=\/wp\/v2\/product"}],"about":[{"href":"https:\/\/wolanet.pl\/index.php?rest_route=\/wp\/v2\/types\/product"}],"replies":[{"embeddable":true,"href":"https:\/\/wolanet.pl\/index.php?rest_route=%2Fwp%2Fv2%2Fcomments&post=585"}],"wp:featuredmedia":[{"embeddable":true,"href":"https:\/\/wolanet.pl\/index.php?rest_route=\/wp\/v2\/media\/626"}],"wp:attachment":[{"href":"https:\/\/wolanet.pl\/index.php?rest_route=%2Fwp%2Fv2%2Fmedia&parent=585"}],"wp:term":[{"taxonomy":"product_brand","embeddable":true,"href":"https:\/\/wolanet.pl\/index.php?rest_route=%2Fwp%2Fv2%2Fproduct_brand&post=585"},{"taxonomy":"product_cat","embeddable":true,"href":"https:\/\/wolanet.pl\/index.php?rest_route=%2Fwp%2Fv2%2Fproduct_cat&post=585"},{"taxonomy":"product_tag","embeddable":true,"href":"https:\/\/wolanet.pl\/index.php?rest_route=%2Fwp%2Fv2%2Fproduct_tag&post=585"}],"curies":[{"name":"wp","href":"https:\/\/api.w.org\/{rel}","templated":true}]}}