{"id":584,"date":"2025-07-02T05:54:24","date_gmt":"2025-07-02T03:54:24","guid":{"rendered":"https:\/\/wolanet.pl\/?post_type=product&#038;p=584"},"modified":"2025-07-09T10:42:41","modified_gmt":"2025-07-09T08:42:41","slug":"novitus-deon-online","status":"publish","type":"product","link":"https:\/\/wolanet.pl\/?product=novitus-deon-online","title":{"rendered":"Novitus Deon Online"},"content":{"rendered":"<p>Jest to jedna z najbardziej ergonomicznych drukarek fiskalnych w ofercie NOVITUS, kt\u00f3ra jednocze\u015bnie obs\u0142uguje komunikacj\u0119 z Centralnym Repozytorium Kas (CRK), zgodnie z wymogami Rozporz\u0105dzenia Ministra Przedsi\u0119biorczo\u015bci i Technologii z dnia 28 maja 2018 r. w sprawie kryteri\u00f3w i warunk\u00f3w technicznych, kt\u00f3rym musz\u0105 odpowiada\u0107 urz\u0105dzenia fiskalne rejestruj\u0105ce. Kopia wydruku dla u\u017cytkownika przechowywana jest w pami\u0119ci chronionej urz\u0105dzenia, a dost\u0119p do niej jest realizowany poprzez dedykowan\u0105 aplikacj\u0119. Jak ka\u017cda drukarka fiskalna marki Novitus, r\u00f3wnie\u017c Deon Online ma mo\u017cliwo\u015b\u0107 drukowania faktur VAT na swoim mechanizmie drukuj\u0105cym. Drukarki online na formatce faktury opr\u00f3cz danych Nabywcy mog\u0105 r\u00f3wnie\u017c drukowa\u0107 dane Odbiorcy faktury VAT. Mog\u0105 te\u017c drukowa\u0107 dowolne wydruki niefiskalne, zawieraj\u0105\u0107e tekst, grafik\u0119 oraz kody kreskowe i QR. Niew\u0105tpliw\u0105 zalet\u0105 drukari Deon Online jest mo\u017cliwo\u015b\u0107 rezygnacji z papierowego wydruku i pe\u0142na obs\u0142uga e-paragonu, a dzi\u0119ki temu ni\u017csze koszty u\u017cytkowania urz\u0105dzenia. Drukarka mo\u017ce pracowa\u0107 w dw\u00f3ch kategoriach: jako urz\u0105dzenie og\u00f3lnego zastosowania lub jako bileterka \u2013 wyb\u00f3r wersji dokonywany jest jednorazowo przez serwisanta podczas jej fiskalizacji. Domy\u015b\u0142nie drukarka komunikuje si\u0119 poprzez port USB (mo\u017cliwo\u015b\u0107 zmiany na RS232, LAN, WiFi lub BT) a w pude\u0142ku wraz z drukark\u0105 dostarczany jest wysokiej klasy kabel USB. DEON online nale\u017cy do nowej rodziny urz\u0105dze\u0144 Novitus Online Power. Co to znaczy? Stworzyli\u015bmy lini\u0119 urz\u0105dze\u0144 o niespotykanej do tej pory mocy, na kt\u00f3r\u0105 sk\u0142adaj\u0105 si\u0119 m.in. 32 bitowe procesory o taktowaniu nawet do 524MHz, ogromna pami\u0119\u0107 wewn\u0119trza oraz 256MB pami\u0119ci operacyjnej.\u00a0 System LINUX gwarantuje stabiln\u0105 prac\u0119, a nasza platforma daje zapas mocy na wiele lat do przodu, niezale\u017cnie od przysz\u0142ych wyzwa\u0144. Bezpiecze\u0144stwo danych zapewnia modu\u0142 TPM oraz dwustronna autentykacja \u2013 rozwi\u0105zania sprawdzone w ponad 4 miliardach urz\u0105dze\u0144 na \u015bwiecie.<\/p>\n","protected":false},"excerpt":{"rendered":"<p>DEON Online to wszechstronna drukarka, dedykowana zar\u00f3wno do pracy stacjonarnej jak i w terenie, w us\u0142ugach oraz \u015brednich i ma\u0142ych plac\u00f3wkach handlowych.\u00a0Niewielkie gabaryty i ergonomia DEON Online znajduje zastosowanie w wielu miejscach: ma\u0142ych i \u015brednich sklepach, gabinetach lekarskich, kancelariach prawnych, gabinetach kosmetycznych czy fryzjerskich, innych punktach us\u0142ugowych oraz w sprzeda\u017cy mobilnej, w kt\u00f3rej szczeg\u00f3lnie doceniane s\u0105 niewielkie gabaryty i ergonomia drukarki.<\/p>\n","protected":false},"featured_media":627,"comment_status":"open","ping_status":"closed","template":"","meta":{"site-sidebar-layout":"default","site-content-layout":"","ast-site-content-layout":"default","site-content-style":"default","site-sidebar-style":"default","ast-global-header-display":"","ast-banner-title-visibility":"","ast-main-header-display":"","ast-hfb-above-header-display":"","ast-hfb-below-header-display":"","ast-hfb-mobile-header-display":"","site-post-title":"","ast-breadcrumbs-content":"","ast-featured-img":"","footer-sml-layout":"","theme-transparent-header-meta":"default","adv-header-id-meta":"","stick-header-meta":"","header-above-stick-meta":"","header-main-stick-meta":"","header-below-stick-meta":"","astra-migrate-meta-layouts":"set","ast-page-background-enabled":"default","ast-page-background-meta":{"desktop":{"background-color":"var(--ast-global-color-4)","background-image":"","background-repeat":"repeat","background-position":"center center","background-size":"auto","background-attachment":"scroll","background-type":"","background-media":"","overlay-type":"","overlay-color":"","overlay-opacity":"","overlay-gradient":""},"tablet":{"background-color":"","background-image":"","background-repeat":"repeat","background-position":"center center","background-size":"auto","background-attachment":"scroll","background-type":"","background-media":"","overlay-type":"","overlay-color":"","overlay-opacity":"","overlay-gradient":""},"mobile":{"background-color":"","background-image":"","background-repeat":"repeat","background-position":"center center","background-size":"auto","background-attachment":"scroll","background-type":"","background-media":"","overlay-type":"","overlay-color":"","overlay-opacity":"","overlay-gradient":""}},"ast-content-background-meta":{"desktop":{"background-color":"var(--ast-global-color-5)","background-image":"","background-repeat":"repeat","background-position":"center center","background-size":"auto","background-attachment":"scroll","background-type":"","background-media":"","overlay-type":"","overlay-color":"","overlay-opacity":"","overlay-gradient":""},"tablet":{"background-color":"var(--ast-global-color-5)","background-image":"","background-repeat":"repeat","background-position":"center center","background-size":"auto","background-attachment":"scroll","background-type":"","background-media":"","overlay-type":"","overlay-color":"","overlay-opacity":"","overlay-gradient":""},"mobile":{"background-color":"var(--ast-global-color-5)","background-image":"","background-repeat":"repeat","background-position":"center center","background-size":"auto","background-attachment":"scroll","background-type":"","background-media":"","overlay-type":"","overlay-color":"","overlay-opacity":"","overlay-gradient":""}}},"product_brand":[],"product_cat":[23],"product_tag":[],"class_list":{"0":"post-584","1":"product","2":"type-product","3":"status-publish","4":"has-post-thumbnail","6":"product_cat-drukarki-fiskalne-novitus","7":"desktop-align-left","8":"tablet-align-left","9":"mobile-align-left","11":"first","12":"instock","13":"taxable","14":"shipping-taxable","15":"purchasable","16":"product-type-simple"},"aioseo_notices":[],"jetpack_sharing_enabled":true,"_links":{"self":[{"href":"https:\/\/wolanet.pl\/index.php?rest_route=\/wp\/v2\/product\/584","targetHints":{"allow":["GET"]}}],"collection":[{"href":"https:\/\/wolanet.pl\/index.php?rest_route=\/wp\/v2\/product"}],"about":[{"href":"https:\/\/wolanet.pl\/index.php?rest_route=\/wp\/v2\/types\/product"}],"replies":[{"embeddable":true,"href":"https:\/\/wolanet.pl\/index.php?rest_route=%2Fwp%2Fv2%2Fcomments&post=584"}],"wp:featuredmedia":[{"embeddable":true,"href":"https:\/\/wolanet.pl\/index.php?rest_route=\/wp\/v2\/media\/627"}],"wp:attachment":[{"href":"https:\/\/wolanet.pl\/index.php?rest_route=%2Fwp%2Fv2%2Fmedia&parent=584"}],"wp:term":[{"taxonomy":"product_brand","embeddable":true,"href":"https:\/\/wolanet.pl\/index.php?rest_route=%2Fwp%2Fv2%2Fproduct_brand&post=584"},{"taxonomy":"product_cat","embeddable":true,"href":"https:\/\/wolanet.pl\/index.php?rest_route=%2Fwp%2Fv2%2Fproduct_cat&post=584"},{"taxonomy":"product_tag","embeddable":true,"href":"https:\/\/wolanet.pl\/index.php?rest_route=%2Fwp%2Fv2%2Fproduct_tag&post=584"}],"curies":[{"name":"wp","href":"https:\/\/api.w.org\/{rel}","templated":true}]}}