{"id":577,"date":"2025-07-02T05:51:14","date_gmt":"2025-07-02T03:51:14","guid":{"rendered":"https:\/\/wolanet.pl\/?post_type=product&#038;p=577"},"modified":"2025-07-09T10:44:58","modified_gmt":"2025-07-09T08:44:58","slug":"novitus-point","status":"publish","type":"product","link":"https:\/\/wolanet.pl\/?product=novitus-point","title":{"rendered":"Novitus Point"},"content":{"rendered":"<p>POINT to pierwsze urz\u0105dzenie nale\u017c\u0105ce do rodziny ONLINE 3.0 zapewniaj\u0105cej wsp\u00f3\u0142prac\u0119 bezpo\u015brednio z HUBem paragonowym Ministerstwa Finans\u00f3w, pozwalaj\u0105cym na bezp\u0142atne przesy\u0142anie klientom e-paragon\u00f3w do aplikacji e-Paragony. Przesy\u0142anie klientom paragon\u00f3w w formie elektronicznej (e-Paragon) to rezygnacja z papierowego wydruku i oszcz\u0119dno\u015b\u0107 papieru, a dzi\u0119ki temu ni\u017csze koszty u\u017cytkowania urz\u0105dzenia. Wsp\u00f3\u0142pracuje z wieloma komercyjnymi systemami sprzeda\u017cy obs\u0142uguj\u0105cymi e-paragony, w tym wieloma pracuj\u0105cymi w e-commerce. Urz\u0105dzenia Novitus jako jedyne opr\u00f3cz obowi\u0105zkowego e-paragonu w zaszyfrowanym formacie JWS przesy\u0142aj\u0105 r\u00f3wnie\u017c czytelny obraz paragonu w formacie PNG.<br \/>\nWsp\u00f3\u0142pracuj\u0105ce z drukarkami Novitus POINT systemy sprzeda\u017cy maj\u0105 r\u00f3wnie\u017c mo\u017cliwo\u015b\u0107 wysy\u0142ania klientom e-paragon\u00f3w bez u\u017cywania zewn\u0119trznych serwer\u00f3w po\u015brednicz\u0105cych (HUB\u00f3w e-paragon\u00f3w). Mo\u017cna to zrobi\u0107 bezpo\u015brednio z programu sprzeda\u017cy poprzez odczytywanie e-paragonu wprost z pami\u0119ci urz\u0105dzenia i wysy\u0142anie zidentyfikowanemu w tym systemie klientowi. Spos\u00f3b ten umo\u017cliwia pobranie z urz\u0105dzenia zar\u00f3wno zaszyfrowanego pliku JWS (kt\u00f3ry jest wymagany przez przepisy dotycz\u0105ce e-paragon\u00f3w) jak i czytelnego obrazu paragonu w formacie PNG. Taka obs\u0142uga bez jakiegokolwiek serwera e-paragon\u00f3w jest unikalna i wyr\u00f3\u017cnia rozwi\u0105zania Novitus na rynku.<\/p>\n","protected":false},"excerpt":{"rendered":"<p>Drukarka Novitus POINT to najnowsza drukarka fiskalna marki Novitus dedykowana dla Twojego biznesu. Drukarka zosta\u0142a wyposa\u017cona w szereg innowacyjnych funkcji oprogramowania oraz rozwi\u0105za\u0144 technologicznych. Opr\u00f3cz wysokiej jako\u015bci mechanizmu drukuj\u0105cego zapewniaj\u0105cego bardzo szybki wydruk i precyzyjnego obcinacza papieru drukarka, wyposa\u017cona jest w kolorowy wy\u015bwietlacz prezentuj\u0105cy zawarto\u015b\u0107 paragonu i nazwy sprzedawanych towar\u00f3w lub (r\u00f3wnie\u017c graficzne) menu drukarki. Drukarka pracuje w dw\u00f3ch pozycjach: podnoszonym wy\u015bwietlaczem skierowanym do g\u00f3ry i w stron\u0119 klienta, a mechanizmem drukuj\u0105cym wydaj\u0105cym papier w stron\u0119 obs\u0142ugi, lub mechanizmem drukuj\u0105cym do g\u00f3ry, a wy\u015bwietlaczem klienta zwr\u00f3conym do przodu. Ka\u017cdy mo\u017ce dopasowa\u0107 po\u0142o\u017cenie jej pracy do w\u0142asnego stanowiska sprzeda\u017cy.<\/p>\n","protected":false},"featured_media":628,"comment_status":"open","ping_status":"closed","template":"","meta":{"site-sidebar-layout":"default","site-content-layout":"","ast-site-content-layout":"default","site-content-style":"default","site-sidebar-style":"default","ast-global-header-display":"","ast-banner-title-visibility":"","ast-main-header-display":"","ast-hfb-above-header-display":"","ast-hfb-below-header-display":"","ast-hfb-mobile-header-display":"","site-post-title":"","ast-breadcrumbs-content":"","ast-featured-img":"","footer-sml-layout":"","theme-transparent-header-meta":"default","adv-header-id-meta":"","stick-header-meta":"","header-above-stick-meta":"","header-main-stick-meta":"","header-below-stick-meta":"","astra-migrate-meta-layouts":"set","ast-page-background-enabled":"default","ast-page-background-meta":{"desktop":{"background-color":"var(--ast-global-color-4)","background-image":"","background-repeat":"repeat","background-position":"center center","background-size":"auto","background-attachment":"scroll","background-type":"","background-media":"","overlay-type":"","overlay-color":"","overlay-opacity":"","overlay-gradient":""},"tablet":{"background-color":"","background-image":"","background-repeat":"repeat","background-position":"center center","background-size":"auto","background-attachment":"scroll","background-type":"","background-media":"","overlay-type":"","overlay-color":"","overlay-opacity":"","overlay-gradient":""},"mobile":{"background-color":"","background-image":"","background-repeat":"repeat","background-position":"center center","background-size":"auto","background-attachment":"scroll","background-type":"","background-media":"","overlay-type":"","overlay-color":"","overlay-opacity":"","overlay-gradient":""}},"ast-content-background-meta":{"desktop":{"background-color":"var(--ast-global-color-5)","background-image":"","background-repeat":"repeat","background-position":"center center","background-size":"auto","background-attachment":"scroll","background-type":"","background-media":"","overlay-type":"","overlay-color":"","overlay-opacity":"","overlay-gradient":""},"tablet":{"background-color":"var(--ast-global-color-5)","background-image":"","background-repeat":"repeat","background-position":"center center","background-size":"auto","background-attachment":"scroll","background-type":"","background-media":"","overlay-type":"","overlay-color":"","overlay-opacity":"","overlay-gradient":""},"mobile":{"background-color":"var(--ast-global-color-5)","background-image":"","background-repeat":"repeat","background-position":"center center","background-size":"auto","background-attachment":"scroll","background-type":"","background-media":"","overlay-type":"","overlay-color":"","overlay-opacity":"","overlay-gradient":""}}},"product_brand":[],"product_cat":[23],"product_tag":[],"class_list":{"0":"post-577","1":"product","2":"type-product","3":"status-publish","4":"has-post-thumbnail","6":"product_cat-drukarki-fiskalne-novitus","7":"desktop-align-left","8":"tablet-align-left","9":"mobile-align-left","11":"first","12":"instock","13":"taxable","14":"shipping-taxable","15":"purchasable","16":"product-type-variable"},"aioseo_notices":[],"jetpack_sharing_enabled":true,"_links":{"self":[{"href":"https:\/\/wolanet.pl\/index.php?rest_route=\/wp\/v2\/product\/577","targetHints":{"allow":["GET"]}}],"collection":[{"href":"https:\/\/wolanet.pl\/index.php?rest_route=\/wp\/v2\/product"}],"about":[{"href":"https:\/\/wolanet.pl\/index.php?rest_route=\/wp\/v2\/types\/product"}],"replies":[{"embeddable":true,"href":"https:\/\/wolanet.pl\/index.php?rest_route=%2Fwp%2Fv2%2Fcomments&post=577"}],"wp:featuredmedia":[{"embeddable":true,"href":"https:\/\/wolanet.pl\/index.php?rest_route=\/wp\/v2\/media\/628"}],"wp:attachment":[{"href":"https:\/\/wolanet.pl\/index.php?rest_route=%2Fwp%2Fv2%2Fmedia&parent=577"}],"wp:term":[{"taxonomy":"product_brand","embeddable":true,"href":"https:\/\/wolanet.pl\/index.php?rest_route=%2Fwp%2Fv2%2Fproduct_brand&post=577"},{"taxonomy":"product_cat","embeddable":true,"href":"https:\/\/wolanet.pl\/index.php?rest_route=%2Fwp%2Fv2%2Fproduct_cat&post=577"},{"taxonomy":"product_tag","embeddable":true,"href":"https:\/\/wolanet.pl\/index.php?rest_route=%2Fwp%2Fv2%2Fproduct_tag&post=577"}],"curies":[{"name":"wp","href":"https:\/\/api.w.org\/{rel}","templated":true}]}}