{"id":575,"date":"2025-07-02T05:39:58","date_gmt":"2025-07-02T03:39:58","guid":{"rendered":"https:\/\/wolanet.pl\/?post_type=product&#038;p=575"},"modified":"2025-07-09T10:54:07","modified_gmt":"2025-07-09T08:54:07","slug":"novitus-sento-online","status":"publish","type":"product","link":"https:\/\/wolanet.pl\/?product=novitus-sento-online","title":{"rendered":"Novitus Sento Online"},"content":{"rendered":"<p>Kasa SENTO Online czerpie z najlepszych wzorc\u00f3w i do\u015bwiadcze\u0144 kas z rodziny SENTO. Optymalne po\u0142\u0105czenie wy\u015brubowanych parametr\u00f3w technicznych oraz zaawansowanych funkcji to jej znak rozpoznawczy. Dzisiaj i za wiele lat taka sama wydajno\u015b\u0107 pracy jest gwarantowana. Kasa jest dedykowana ma\u0142ym i \u015brednim punktom handlowo \u2013 us\u0142ugowym. Ma\u0142a i por\u0119czna obudowa kasy kryje w sobie zaawansowan\u0105 technologi\u0119 i funkcjonalno\u015b\u0107 spotykan\u0105 wcze\u015bniej w segmencie du\u017cych kas systemowych. SENTO Online nale\u017cy jak pozosta\u0142e kasy online do rodziny urz\u0105dze\u0144 <strong>Novitus Online Power<\/strong>. Co to znaczy? Stworzyli\u015bmy lini\u0119 urz\u0105dze\u0144 o niespotykanej do tej pory mocy, na kt\u00f3r\u0105 sk\u0142adaj\u0105 si\u0119 m.in. 32 bitowe procesory o taktowaniu nawet do 524MHz, ogromna pami\u0119\u0107 wewn\u0119trza oraz 256MB pami\u0119ci operacyjnej. System LINUX gwarantuje stabiln\u0105 prac\u0119, a nasza platforma daje zapas mocy na wiele lat do przodu, niezale\u017cnie od przysz\u0142ych wyzwa\u0144. Bezpiecze\u0144stwo danych zapewnia modu\u0142 TPM oraz dwustronna autentykacja \u2013 rozwi\u0105zania sprawdzone w ponad 4 miliardach urz\u0105dze\u0144 na \u015bwiecie.<br \/>\nKasa umo\u017cliwia przekazywanie danych do Centralnym Repozytorium Kas (CRK) poprzez port LAN lub opcjonalnie przez modu\u0142y WiFi lub GSM, zgodnie z wymogami Rozporz\u0105dzenia Ministra Przedsi\u0119biorczo\u015bci i Technologii z dnia 28 maja 2018 r. w sprawie kryteri\u00f3w i warunk\u00f3w technicznych, kt\u00f3rym musz\u0105 odpowiada\u0107 kasy rejestruj\u0105ce.<\/p>\n","protected":false},"excerpt":{"rendered":"<p>Kasa SENTO Online czerpie z najlepszych wzorc\u00f3w i do\u015bwiadcze\u0144 kas z rodziny SENTO. Optymalne po\u0142\u0105czenie wy\u015brubowanych parametr\u00f3w technicznych oraz zaawansowanych funkcji to jej znak rozpoznawczy. Dzisiaj i za wiele lat taka sama wydajno\u015b\u0107 pracy jest gwarantowana. Kasa jest dedykowana ma\u0142ym i \u015brednim punktom handlowo \u2013 us\u0142ugowym. Ma\u0142a i por\u0119czna obudowa kasy kryje w sobie zaawansowan\u0105 technologi\u0119 i funkcjonalno\u015b\u0107 spotykan\u0105 wcze\u015bniej w segmencie du\u017cych kas systemowych.<\/p>\n","protected":false},"featured_media":630,"comment_status":"open","ping_status":"closed","template":"","meta":{"site-sidebar-layout":"default","site-content-layout":"","ast-site-content-layout":"default","site-content-style":"default","site-sidebar-style":"default","ast-global-header-display":"","ast-banner-title-visibility":"","ast-main-header-display":"","ast-hfb-above-header-display":"","ast-hfb-below-header-display":"","ast-hfb-mobile-header-display":"","site-post-title":"","ast-breadcrumbs-content":"","ast-featured-img":"","footer-sml-layout":"","theme-transparent-header-meta":"default","adv-header-id-meta":"","stick-header-meta":"","header-above-stick-meta":"","header-main-stick-meta":"","header-below-stick-meta":"","astra-migrate-meta-layouts":"set","ast-page-background-enabled":"default","ast-page-background-meta":{"desktop":{"background-color":"var(--ast-global-color-4)","background-image":"","background-repeat":"repeat","background-position":"center center","background-size":"auto","background-attachment":"scroll","background-type":"","background-media":"","overlay-type":"","overlay-color":"","overlay-opacity":"","overlay-gradient":""},"tablet":{"background-color":"","background-image":"","background-repeat":"repeat","background-position":"center center","background-size":"auto","background-attachment":"scroll","background-type":"","background-media":"","overlay-type":"","overlay-color":"","overlay-opacity":"","overlay-gradient":""},"mobile":{"background-color":"","background-image":"","background-repeat":"repeat","background-position":"center center","background-size":"auto","background-attachment":"scroll","background-type":"","background-media":"","overlay-type":"","overlay-color":"","overlay-opacity":"","overlay-gradient":""}},"ast-content-background-meta":{"desktop":{"background-color":"var(--ast-global-color-5)","background-image":"","background-repeat":"repeat","background-position":"center center","background-size":"auto","background-attachment":"scroll","background-type":"","background-media":"","overlay-type":"","overlay-color":"","overlay-opacity":"","overlay-gradient":""},"tablet":{"background-color":"var(--ast-global-color-5)","background-image":"","background-repeat":"repeat","background-position":"center center","background-size":"auto","background-attachment":"scroll","background-type":"","background-media":"","overlay-type":"","overlay-color":"","overlay-opacity":"","overlay-gradient":""},"mobile":{"background-color":"var(--ast-global-color-5)","background-image":"","background-repeat":"repeat","background-position":"center center","background-size":"auto","background-attachment":"scroll","background-type":"","background-media":"","overlay-type":"","overlay-color":"","overlay-opacity":"","overlay-gradient":""}}},"product_brand":[],"product_cat":[26],"product_tag":[],"class_list":{"0":"post-575","1":"product","2":"type-product","3":"status-publish","4":"has-post-thumbnail","6":"product_cat-srednie","7":"desktop-align-left","8":"tablet-align-left","9":"mobile-align-left","11":"first","12":"instock","13":"taxable","14":"shipping-taxable","15":"purchasable","16":"product-type-simple"},"aioseo_notices":[],"jetpack_sharing_enabled":true,"_links":{"self":[{"href":"https:\/\/wolanet.pl\/index.php?rest_route=\/wp\/v2\/product\/575","targetHints":{"allow":["GET"]}}],"collection":[{"href":"https:\/\/wolanet.pl\/index.php?rest_route=\/wp\/v2\/product"}],"about":[{"href":"https:\/\/wolanet.pl\/index.php?rest_route=\/wp\/v2\/types\/product"}],"replies":[{"embeddable":true,"href":"https:\/\/wolanet.pl\/index.php?rest_route=%2Fwp%2Fv2%2Fcomments&post=575"}],"wp:featuredmedia":[{"embeddable":true,"href":"https:\/\/wolanet.pl\/index.php?rest_route=\/wp\/v2\/media\/630"}],"wp:attachment":[{"href":"https:\/\/wolanet.pl\/index.php?rest_route=%2Fwp%2Fv2%2Fmedia&parent=575"}],"wp:term":[{"taxonomy":"product_brand","embeddable":true,"href":"https:\/\/wolanet.pl\/index.php?rest_route=%2Fwp%2Fv2%2Fproduct_brand&post=575"},{"taxonomy":"product_cat","embeddable":true,"href":"https:\/\/wolanet.pl\/index.php?rest_route=%2Fwp%2Fv2%2Fproduct_cat&post=575"},{"taxonomy":"product_tag","embeddable":true,"href":"https:\/\/wolanet.pl\/index.php?rest_route=%2Fwp%2Fv2%2Fproduct_tag&post=575"}],"curies":[{"name":"wp","href":"https:\/\/api.w.org\/{rel}","templated":true}]}}