{"id":570,"date":"2025-07-02T05:36:01","date_gmt":"2025-07-02T03:36:01","guid":{"rendered":"https:\/\/wolanet.pl\/?post_type=product&#038;p=570"},"modified":"2025-07-09T10:55:11","modified_gmt":"2025-07-09T08:55:11","slug":"novitus-link-online","status":"publish","type":"product","link":"https:\/\/wolanet.pl\/?product=novitus-link-online","title":{"rendered":"Novitus Link Online"},"content":{"rendered":"<p>Optymalne po\u0142\u0105czenie wy\u015brubowanych parametr\u00f3w technicznych oraz zaawansowanych funkcji to jej znak rozpoznawczy. Dzisiaj i za wiele lat taka sama wydajno\u015b\u0107 pracy jest gwarantowana. Kasa jest dedykowana ma\u0142ym i \u015brednim punktom handlowo \u2013 us\u0142ugowym. Ma\u0142a i por\u0119czna obudowa kasy kryje w sobie zaawansowan\u0105 technologi\u0119 i funkcjonalno\u015b\u0107 spotykan\u0105 wcze\u015bniej w segmencie du\u017cych kas systemowych. Dost\u0119pna w bia\u0142ym i czarnym kolorze obudowy z pomara\u0144czowymi lub szarymi wstawkami. Bardzo du\u017ca baza towarowa, precyzyjne nazewnictwo towar\u00f3w, komunikacja on-line z komputerem, wiele z\u0142\u0105cz komunikacyjnych, w tym z\u0142\u0105cza LAN, RS232 i USB pozwalaj\u0105 stworzy\u0107 zaawansowany system sprzeda\u017cy dla \u015bredniego sklepu. Ergonomiczna budowa sprawia, \u017ce wielogodzinna praca na tej kasie b\u0119dzie wygodna i efektywna. Kasa umo\u017cliwia tak\u017ce po\u0142\u0105czenie i przesy\u0142anie danych do Centralnego Repozytorium Kas za po\u015brednictwem sieci LAN lub opcjonalnie poprzez modu\u0142y WiFi.\u00a0 Oznacza to, \u017ce spe\u0142nia wymagania Rozporz\u0105dzenia Ministra Przedsi\u0119biorczo\u015bci i Technologii w sprawie kryteri\u00f3w i warunk\u00f3w technicznych, kt\u00f3rym musz\u0105 odpowiada\u0107 kasy rejestruj\u0105ce oraz Ustawy o VAT.<\/p>\n","protected":false},"excerpt":{"rendered":"<p>Optymalne po\u0142\u0105czenie wy\u015brubowanych parametr\u00f3w technicznych oraz zaawansowanych funkcji to jej znak rozpoznawczy. Dzisiaj i za wiele lat taka sama wydajno\u015b\u0107 pracy jest gwarantowana. Kasa jest dedykowana ma\u0142ym i \u015brednim punktom handlowo \u2013 us\u0142ugowym. Ma\u0142a i por\u0119czna obudowa kasy kryje w sobie zaawansowan\u0105 technologi\u0119 i funkcjonalno\u015b\u0107 spotykan\u0105 wcze\u015bniej w segmencie du\u017cych kas systemowych.\u00a0Dost\u0119pna w bia\u0142ym i czarnym kolorze obudowy z pomara\u0144czowymi lub szarymi wstawkami.<\/p>\n","protected":false},"featured_media":631,"comment_status":"open","ping_status":"closed","template":"","meta":{"site-sidebar-layout":"default","site-content-layout":"","ast-site-content-layout":"default","site-content-style":"default","site-sidebar-style":"default","ast-global-header-display":"","ast-banner-title-visibility":"","ast-main-header-display":"","ast-hfb-above-header-display":"","ast-hfb-below-header-display":"","ast-hfb-mobile-header-display":"","site-post-title":"","ast-breadcrumbs-content":"","ast-featured-img":"","footer-sml-layout":"","theme-transparent-header-meta":"default","adv-header-id-meta":"","stick-header-meta":"","header-above-stick-meta":"","header-main-stick-meta":"","header-below-stick-meta":"","astra-migrate-meta-layouts":"set","ast-page-background-enabled":"default","ast-page-background-meta":{"desktop":{"background-color":"var(--ast-global-color-4)","background-image":"","background-repeat":"repeat","background-position":"center center","background-size":"auto","background-attachment":"scroll","background-type":"","background-media":"","overlay-type":"","overlay-color":"","overlay-opacity":"","overlay-gradient":""},"tablet":{"background-color":"","background-image":"","background-repeat":"repeat","background-position":"center center","background-size":"auto","background-attachment":"scroll","background-type":"","background-media":"","overlay-type":"","overlay-color":"","overlay-opacity":"","overlay-gradient":""},"mobile":{"background-color":"","background-image":"","background-repeat":"repeat","background-position":"center center","background-size":"auto","background-attachment":"scroll","background-type":"","background-media":"","overlay-type":"","overlay-color":"","overlay-opacity":"","overlay-gradient":""}},"ast-content-background-meta":{"desktop":{"background-color":"var(--ast-global-color-5)","background-image":"","background-repeat":"repeat","background-position":"center center","background-size":"auto","background-attachment":"scroll","background-type":"","background-media":"","overlay-type":"","overlay-color":"","overlay-opacity":"","overlay-gradient":""},"tablet":{"background-color":"var(--ast-global-color-5)","background-image":"","background-repeat":"repeat","background-position":"center center","background-size":"auto","background-attachment":"scroll","background-type":"","background-media":"","overlay-type":"","overlay-color":"","overlay-opacity":"","overlay-gradient":""},"mobile":{"background-color":"var(--ast-global-color-5)","background-image":"","background-repeat":"repeat","background-position":"center center","background-size":"auto","background-attachment":"scroll","background-type":"","background-media":"","overlay-type":"","overlay-color":"","overlay-opacity":"","overlay-gradient":""}}},"product_brand":[],"product_cat":[26],"product_tag":[],"class_list":{"0":"post-570","1":"product","2":"type-product","3":"status-publish","4":"has-post-thumbnail","6":"product_cat-srednie","7":"desktop-align-left","8":"tablet-align-left","9":"mobile-align-left","11":"first","12":"instock","13":"taxable","14":"shipping-taxable","15":"purchasable","16":"product-type-variable"},"aioseo_notices":[],"jetpack_sharing_enabled":true,"_links":{"self":[{"href":"https:\/\/wolanet.pl\/index.php?rest_route=\/wp\/v2\/product\/570","targetHints":{"allow":["GET"]}}],"collection":[{"href":"https:\/\/wolanet.pl\/index.php?rest_route=\/wp\/v2\/product"}],"about":[{"href":"https:\/\/wolanet.pl\/index.php?rest_route=\/wp\/v2\/types\/product"}],"replies":[{"embeddable":true,"href":"https:\/\/wolanet.pl\/index.php?rest_route=%2Fwp%2Fv2%2Fcomments&post=570"}],"wp:featuredmedia":[{"embeddable":true,"href":"https:\/\/wolanet.pl\/index.php?rest_route=\/wp\/v2\/media\/631"}],"wp:attachment":[{"href":"https:\/\/wolanet.pl\/index.php?rest_route=%2Fwp%2Fv2%2Fmedia&parent=570"}],"wp:term":[{"taxonomy":"product_brand","embeddable":true,"href":"https:\/\/wolanet.pl\/index.php?rest_route=%2Fwp%2Fv2%2Fproduct_brand&post=570"},{"taxonomy":"product_cat","embeddable":true,"href":"https:\/\/wolanet.pl\/index.php?rest_route=%2Fwp%2Fv2%2Fproduct_cat&post=570"},{"taxonomy":"product_tag","embeddable":true,"href":"https:\/\/wolanet.pl\/index.php?rest_route=%2Fwp%2Fv2%2Fproduct_tag&post=570"}],"curies":[{"name":"wp","href":"https:\/\/api.w.org\/{rel}","templated":true}]}}