{"id":563,"date":"2025-07-02T05:29:50","date_gmt":"2025-07-02T03:29:50","guid":{"rendered":"https:\/\/wolanet.pl\/?post_type=product&#038;p=563"},"modified":"2025-07-09T10:57:51","modified_gmt":"2025-07-09T08:57:51","slug":"novitus-one-pro","status":"publish","type":"product","link":"https:\/\/wolanet.pl\/?product=novitus-one-pro","title":{"rendered":"Novitus One Pro"},"content":{"rendered":"<p>Idealne po\u0142\u0105czenie du\u017cej mocy, dotykowego ekranu oraz niewielkiej wagi i niezwykle ma\u0142ych wymiar\u00f3w.\u00a0Zmie\u015bci si\u0119 na najmniejszym stanowisku sprzeda\u017cy, oferuj\u0105c jednocze\u015bnie niezwyk\u0142\u0105 elastyczno\u015b\u0107 pracy oraz programowalny ekran sprzeda\u017cy.\u00a0Wystawia faktury i korekty, dokumenty zwrotu, obs\u0142uguje dodawanie notatek i ID klienta. \u0141atwe raportowanie, stany magazynowe, otwarte\u00a0rachunki oraz wsp\u00f3\u0142praca z chmurowym systemem NoviCloud.<br \/>\nSkonfiguruj dowoln\u0105 skrzynk\u0119 mailow\u0105, przegl\u0105daj korespondencj\u0119, wysy\u0142aj faktury i utrzymuj kontakty ze swoimi\u00a0kontrahentami. W chwili przerwy korzystaj z kasy ONE jak z ka\u017cdego innego tabletu, surfuj po Internecie, ogl\u0105daj Youtube i s\u0142uchaj muzyki,\u00a0u\u017cywaj narz\u0119dzi systemu Android &#8211; zegar, kalkulator, kontakty, galeria i kalendarz. Na urz\u0105dzeniu mo\u017cna zainstalowa\u0107 tak\u017ce dodatkowe aplikacje sprzeda\u017cowe, przeznaczone np. dla gastronomii.<\/p>\n","protected":false},"excerpt":{"rendered":"<p>Najnowocze\u015bniejsza kasa na rynku. Teraz w wersji PRO: system Android 10.0, 4x wi\u0119ksza moc procesora, 2x wi\u0119cej pami\u0119ci na dane, 4x szybszy RAM, wsp\u00f3\u0142praca z terminalem na jednym kablu i prawdziwy e-Paragon w aplikacji MF.<\/p>\n","protected":false},"featured_media":632,"comment_status":"open","ping_status":"closed","template":"","meta":{"site-sidebar-layout":"default","site-content-layout":"","ast-site-content-layout":"default","site-content-style":"default","site-sidebar-style":"default","ast-global-header-display":"","ast-banner-title-visibility":"","ast-main-header-display":"","ast-hfb-above-header-display":"","ast-hfb-below-header-display":"","ast-hfb-mobile-header-display":"","site-post-title":"","ast-breadcrumbs-content":"","ast-featured-img":"","footer-sml-layout":"","theme-transparent-header-meta":"default","adv-header-id-meta":"","stick-header-meta":"","header-above-stick-meta":"","header-main-stick-meta":"","header-below-stick-meta":"","astra-migrate-meta-layouts":"set","ast-page-background-enabled":"default","ast-page-background-meta":{"desktop":{"background-color":"var(--ast-global-color-4)","background-image":"","background-repeat":"repeat","background-position":"center center","background-size":"auto","background-attachment":"scroll","background-type":"","background-media":"","overlay-type":"","overlay-color":"","overlay-opacity":"","overlay-gradient":""},"tablet":{"background-color":"","background-image":"","background-repeat":"repeat","background-position":"center center","background-size":"auto","background-attachment":"scroll","background-type":"","background-media":"","overlay-type":"","overlay-color":"","overlay-opacity":"","overlay-gradient":""},"mobile":{"background-color":"","background-image":"","background-repeat":"repeat","background-position":"center center","background-size":"auto","background-attachment":"scroll","background-type":"","background-media":"","overlay-type":"","overlay-color":"","overlay-opacity":"","overlay-gradient":""}},"ast-content-background-meta":{"desktop":{"background-color":"var(--ast-global-color-5)","background-image":"","background-repeat":"repeat","background-position":"center center","background-size":"auto","background-attachment":"scroll","background-type":"","background-media":"","overlay-type":"","overlay-color":"","overlay-opacity":"","overlay-gradient":""},"tablet":{"background-color":"var(--ast-global-color-5)","background-image":"","background-repeat":"repeat","background-position":"center center","background-size":"auto","background-attachment":"scroll","background-type":"","background-media":"","overlay-type":"","overlay-color":"","overlay-opacity":"","overlay-gradient":""},"mobile":{"background-color":"var(--ast-global-color-5)","background-image":"","background-repeat":"repeat","background-position":"center center","background-size":"auto","background-attachment":"scroll","background-type":"","background-media":"","overlay-type":"","overlay-color":"","overlay-opacity":"","overlay-gradient":""}}},"product_brand":[],"product_cat":[25],"product_tag":[],"class_list":{"0":"post-563","1":"product","2":"type-product","3":"status-publish","4":"has-post-thumbnail","6":"product_cat-male-mobilne","7":"desktop-align-left","8":"tablet-align-left","9":"mobile-align-left","11":"first","12":"instock","13":"taxable","14":"shipping-taxable","15":"purchasable","16":"product-type-variable"},"aioseo_notices":[],"jetpack_sharing_enabled":true,"_links":{"self":[{"href":"https:\/\/wolanet.pl\/index.php?rest_route=\/wp\/v2\/product\/563","targetHints":{"allow":["GET"]}}],"collection":[{"href":"https:\/\/wolanet.pl\/index.php?rest_route=\/wp\/v2\/product"}],"about":[{"href":"https:\/\/wolanet.pl\/index.php?rest_route=\/wp\/v2\/types\/product"}],"replies":[{"embeddable":true,"href":"https:\/\/wolanet.pl\/index.php?rest_route=%2Fwp%2Fv2%2Fcomments&post=563"}],"wp:featuredmedia":[{"embeddable":true,"href":"https:\/\/wolanet.pl\/index.php?rest_route=\/wp\/v2\/media\/632"}],"wp:attachment":[{"href":"https:\/\/wolanet.pl\/index.php?rest_route=%2Fwp%2Fv2%2Fmedia&parent=563"}],"wp:term":[{"taxonomy":"product_brand","embeddable":true,"href":"https:\/\/wolanet.pl\/index.php?rest_route=%2Fwp%2Fv2%2Fproduct_brand&post=563"},{"taxonomy":"product_cat","embeddable":true,"href":"https:\/\/wolanet.pl\/index.php?rest_route=%2Fwp%2Fv2%2Fproduct_cat&post=563"},{"taxonomy":"product_tag","embeddable":true,"href":"https:\/\/wolanet.pl\/index.php?rest_route=%2Fwp%2Fv2%2Fproduct_tag&post=563"}],"curies":[{"name":"wp","href":"https:\/\/api.w.org\/{rel}","templated":true}]}}