{"id":556,"date":"2025-06-23T16:21:28","date_gmt":"2025-06-23T14:21:28","guid":{"rendered":"https:\/\/wolanet.pl\/?post_type=product&#038;p=556"},"modified":"2025-07-09T11:04:14","modified_gmt":"2025-07-09T09:04:14","slug":"novitus-nano-online","status":"publish","type":"product","link":"https:\/\/wolanet.pl\/?product=novitus-nano-online","title":{"rendered":"Novitus Nano Online"},"content":{"rendered":"<p>NANO online to wszechstronna kasa, dedykowana zar\u00f3wno do pracy stacjonarnej jak i w terenie, w us\u0142ugach oraz \u015brednich i ma\u0142ych plac\u00f3wkach handlowych. Zaufaj marce, u\u017cywanej przez ponad 900 000 u\u017cytkownik\u00f3w. Jest to najmniejsza kasa fiskalna w ofercie NOVITUS, kt\u00f3ra jednocze\u015bnie obs\u0142uguje komunikacj\u0119 z Centralnym Repozytorium Kas (CRK), zgodnie z wymogami Rozporz\u0105dzenia Ministra Przedsi\u0119biorczo\u015bci i Technologii z dnia 28 maja 2018 r. w sprawie kryteri\u00f3w i warunk\u00f3w technicznych, kt\u00f3rym musz\u0105 odpowiada\u0107 kasy rejestruj\u0105ce. Kopia wydruku dla u\u017cytkownika przechowywana jest w pami\u0119ci chronionej urz\u0105dzenia, a dost\u0119p do niej jest realizowany poprzez dedykowan\u0105 aplikacj\u0119. Pomimo bardzo bogatej funkcjonalno\u015bci kasa jest wyj\u0105tkowo intuicyjna i \u0142atwa w obs\u0142udze, a wysokiej jako\u015bci podzespo\u0142y zapewniaj\u0105 jej niezawodno\u015b\u0107 na najwy\u017cszym poziomie. W\u015br\u00f3d wielu funkcji u\u017cytkowych kasy znajduj\u0105 si\u0119 m.in. funkcja obs\u0142ugi wielu walut, obs\u0142uga us\u0142ug BUS oraz wypo\u017cyczalni, parking\u00f3w itp. Dzi\u0119ki pod\u015bwietlanej klawiaturze, obs\u0142uga kasy jest mo\u017cliwa tak\u017ce przy s\u0142abym o\u015bwietleniu.<\/p>\n","protected":false},"excerpt":{"rendered":"<p>NANO online znajduje zastosowanie w wielu miejscach: ma\u0142ych i \u015brednich sklepach, gabinetach lekarskich, kancelariach prawnych, gabinetach kosmetycznych czy fryzjerskich, innych punktach us\u0142ugowych oraz w sprzeda\u017cy mobilnej, w kt\u00f3rej szczeg\u00f3lnie doceniane s\u0105 niewielkie gabaryty i ergonomia kasy.<\/p>\n","protected":false},"featured_media":633,"comment_status":"open","ping_status":"closed","template":"","meta":{"site-sidebar-layout":"default","site-content-layout":"","ast-site-content-layout":"default","site-content-style":"default","site-sidebar-style":"default","ast-global-header-display":"","ast-banner-title-visibility":"","ast-main-header-display":"","ast-hfb-above-header-display":"","ast-hfb-below-header-display":"","ast-hfb-mobile-header-display":"","site-post-title":"","ast-breadcrumbs-content":"","ast-featured-img":"","footer-sml-layout":"","theme-transparent-header-meta":"default","adv-header-id-meta":"","stick-header-meta":"","header-above-stick-meta":"","header-main-stick-meta":"","header-below-stick-meta":"","astra-migrate-meta-layouts":"set","ast-page-background-enabled":"default","ast-page-background-meta":{"desktop":{"background-color":"var(--ast-global-color-4)","background-image":"","background-repeat":"repeat","background-position":"center center","background-size":"auto","background-attachment":"scroll","background-type":"","background-media":"","overlay-type":"","overlay-color":"","overlay-opacity":"","overlay-gradient":""},"tablet":{"background-color":"","background-image":"","background-repeat":"repeat","background-position":"center center","background-size":"auto","background-attachment":"scroll","background-type":"","background-media":"","overlay-type":"","overlay-color":"","overlay-opacity":"","overlay-gradient":""},"mobile":{"background-color":"","background-image":"","background-repeat":"repeat","background-position":"center center","background-size":"auto","background-attachment":"scroll","background-type":"","background-media":"","overlay-type":"","overlay-color":"","overlay-opacity":"","overlay-gradient":""}},"ast-content-background-meta":{"desktop":{"background-color":"var(--ast-global-color-5)","background-image":"","background-repeat":"repeat","background-position":"center center","background-size":"auto","background-attachment":"scroll","background-type":"","background-media":"","overlay-type":"","overlay-color":"","overlay-opacity":"","overlay-gradient":""},"tablet":{"background-color":"var(--ast-global-color-5)","background-image":"","background-repeat":"repeat","background-position":"center center","background-size":"auto","background-attachment":"scroll","background-type":"","background-media":"","overlay-type":"","overlay-color":"","overlay-opacity":"","overlay-gradient":""},"mobile":{"background-color":"var(--ast-global-color-5)","background-image":"","background-repeat":"repeat","background-position":"center center","background-size":"auto","background-attachment":"scroll","background-type":"","background-media":"","overlay-type":"","overlay-color":"","overlay-opacity":"","overlay-gradient":""}}},"product_brand":[],"product_cat":[25],"product_tag":[],"class_list":{"0":"post-556","1":"product","2":"type-product","3":"status-publish","4":"has-post-thumbnail","6":"product_cat-male-mobilne","7":"desktop-align-left","8":"tablet-align-left","9":"mobile-align-left","11":"first","12":"instock","13":"taxable","14":"shipping-taxable","15":"purchasable","16":"product-type-variable"},"aioseo_notices":[],"jetpack_sharing_enabled":true,"_links":{"self":[{"href":"https:\/\/wolanet.pl\/index.php?rest_route=\/wp\/v2\/product\/556","targetHints":{"allow":["GET"]}}],"collection":[{"href":"https:\/\/wolanet.pl\/index.php?rest_route=\/wp\/v2\/product"}],"about":[{"href":"https:\/\/wolanet.pl\/index.php?rest_route=\/wp\/v2\/types\/product"}],"replies":[{"embeddable":true,"href":"https:\/\/wolanet.pl\/index.php?rest_route=%2Fwp%2Fv2%2Fcomments&post=556"}],"wp:featuredmedia":[{"embeddable":true,"href":"https:\/\/wolanet.pl\/index.php?rest_route=\/wp\/v2\/media\/633"}],"wp:attachment":[{"href":"https:\/\/wolanet.pl\/index.php?rest_route=%2Fwp%2Fv2%2Fmedia&parent=556"}],"wp:term":[{"taxonomy":"product_brand","embeddable":true,"href":"https:\/\/wolanet.pl\/index.php?rest_route=%2Fwp%2Fv2%2Fproduct_brand&post=556"},{"taxonomy":"product_cat","embeddable":true,"href":"https:\/\/wolanet.pl\/index.php?rest_route=%2Fwp%2Fv2%2Fproduct_cat&post=556"},{"taxonomy":"product_tag","embeddable":true,"href":"https:\/\/wolanet.pl\/index.php?rest_route=%2Fwp%2Fv2%2Fproduct_tag&post=556"}],"curies":[{"name":"wp","href":"https:\/\/api.w.org\/{rel}","templated":true}]}}