{"id":555,"date":"2025-06-23T16:16:20","date_gmt":"2025-06-23T14:16:20","guid":{"rendered":"https:\/\/wolanet.pl\/?post_type=product&#038;p=555"},"modified":"2025-07-09T11:05:49","modified_gmt":"2025-07-09T09:05:49","slug":"posnet-thermal-hd-online","status":"publish","type":"product","link":"https:\/\/wolanet.pl\/?product=posnet-thermal-hd-online","title":{"rendered":"Posnet Thermal HD Online"},"content":{"rendered":"<p>Po\u0142\u0105cz si\u0119 z Centralnym Repozytorium Kas w spos\u00f3b, kt\u00f3ry jest dla Ciebie najbardziej wygodny. Thermal HD ONLINE umo\u017cliwia to na dwa podstawowe sposoby. Czy masz drukark\u0119 pod\u0142\u0105czon\u0105 do POS&#8217;a po USB, a Tw\u00f3j POS ma dost\u0119p do internetu ? \u015awietnie, bo nie musisz inwestowa\u0107 w dodatkow\u0105 infrastruktur\u0119 na sklepie. Wykorzystaj port USB do po\u0142\u0105czenia z CRK. Je\u015bli masz tak\u0105 mo\u017cliwo\u015b\u0107 pod\u0142\u0105cz drukark\u0119 do CRK po LAN\/Ethernet &#8211; to najszybsza i naj\u0142atwiejsza metoda integracji. Mo\u017cesz r\u00f3wnie\u017c pod\u0142\u0105czy\u0107 drukark\u0119 do routera wyposa\u017conego w GSM i korzysta\u0107 z \u0142\u0105czno\u015bci bezprzewodowej. Kana\u0142 serwisowy jest interfejsem komunikacyjnym, kt\u00f3ry pozwala na korzystanie z\u00a0funkcji serwisowych bez wp\u0142ywu na dzia\u0142anie programu sprzeda\u017cowego. Pozwala to na wygodn\u0105 obs\u0142ug\u0119 serwisow\u0105 urz\u0105dzenia bez przerywania pracy na stanowisku kasowym.<\/p>\n","protected":false},"excerpt":{"rendered":"<p>Drukarka do zada\u0144 specjalnych &#8211; Posnet Thermal HD &#8211; teraz dost\u0119pna r\u00f3wnie\u017c w\u00a0wersji ONLINE. Je\u017celi prowadzisz sw\u00f3j biznes w\u00a0miejscu o\u00a0wyj\u0105tkowo du\u017cym nat\u0119\u017ceniu ruchu proponujemy Ci drukark\u0119 stworzon\u0105 specjalnie do takiej pracy. Thermal HD ONLINE posiada wytrzyma\u0142y mechanizm drukuj\u0105cy z\u00a0ceramicznym obcinaczem papieru. Dzi\u0119ki niemu zyskujesz niezawodno\u015b\u0107 i\u00a0gwarancj\u0119 najwy\u017cszej jako\u015bci.<\/p>\n","protected":false},"featured_media":634,"comment_status":"open","ping_status":"closed","template":"","meta":{"site-sidebar-layout":"default","site-content-layout":"","ast-site-content-layout":"default","site-content-style":"default","site-sidebar-style":"default","ast-global-header-display":"","ast-banner-title-visibility":"","ast-main-header-display":"","ast-hfb-above-header-display":"","ast-hfb-below-header-display":"","ast-hfb-mobile-header-display":"","site-post-title":"","ast-breadcrumbs-content":"","ast-featured-img":"","footer-sml-layout":"","theme-transparent-header-meta":"default","adv-header-id-meta":"","stick-header-meta":"","header-above-stick-meta":"","header-main-stick-meta":"","header-below-stick-meta":"","astra-migrate-meta-layouts":"set","ast-page-background-enabled":"default","ast-page-background-meta":{"desktop":{"background-color":"var(--ast-global-color-4)","background-image":"","background-repeat":"repeat","background-position":"center center","background-size":"auto","background-attachment":"scroll","background-type":"","background-media":"","overlay-type":"","overlay-color":"","overlay-opacity":"","overlay-gradient":""},"tablet":{"background-color":"","background-image":"","background-repeat":"repeat","background-position":"center center","background-size":"auto","background-attachment":"scroll","background-type":"","background-media":"","overlay-type":"","overlay-color":"","overlay-opacity":"","overlay-gradient":""},"mobile":{"background-color":"","background-image":"","background-repeat":"repeat","background-position":"center center","background-size":"auto","background-attachment":"scroll","background-type":"","background-media":"","overlay-type":"","overlay-color":"","overlay-opacity":"","overlay-gradient":""}},"ast-content-background-meta":{"desktop":{"background-color":"var(--ast-global-color-5)","background-image":"","background-repeat":"repeat","background-position":"center center","background-size":"auto","background-attachment":"scroll","background-type":"","background-media":"","overlay-type":"","overlay-color":"","overlay-opacity":"","overlay-gradient":""},"tablet":{"background-color":"var(--ast-global-color-5)","background-image":"","background-repeat":"repeat","background-position":"center center","background-size":"auto","background-attachment":"scroll","background-type":"","background-media":"","overlay-type":"","overlay-color":"","overlay-opacity":"","overlay-gradient":""},"mobile":{"background-color":"var(--ast-global-color-5)","background-image":"","background-repeat":"repeat","background-position":"center center","background-size":"auto","background-attachment":"scroll","background-type":"","background-media":"","overlay-type":"","overlay-color":"","overlay-opacity":"","overlay-gradient":""}}},"product_brand":[],"product_cat":[21],"product_tag":[],"class_list":{"0":"post-555","1":"product","2":"type-product","3":"status-publish","4":"has-post-thumbnail","6":"product_cat-drukarki-fiskalne-posnet","7":"desktop-align-left","8":"tablet-align-left","9":"mobile-align-left","11":"first","12":"instock","13":"taxable","14":"shipping-taxable","15":"purchasable","16":"product-type-simple"},"aioseo_notices":[],"jetpack_sharing_enabled":true,"_links":{"self":[{"href":"https:\/\/wolanet.pl\/index.php?rest_route=\/wp\/v2\/product\/555","targetHints":{"allow":["GET"]}}],"collection":[{"href":"https:\/\/wolanet.pl\/index.php?rest_route=\/wp\/v2\/product"}],"about":[{"href":"https:\/\/wolanet.pl\/index.php?rest_route=\/wp\/v2\/types\/product"}],"replies":[{"embeddable":true,"href":"https:\/\/wolanet.pl\/index.php?rest_route=%2Fwp%2Fv2%2Fcomments&post=555"}],"wp:featuredmedia":[{"embeddable":true,"href":"https:\/\/wolanet.pl\/index.php?rest_route=\/wp\/v2\/media\/634"}],"wp:attachment":[{"href":"https:\/\/wolanet.pl\/index.php?rest_route=%2Fwp%2Fv2%2Fmedia&parent=555"}],"wp:term":[{"taxonomy":"product_brand","embeddable":true,"href":"https:\/\/wolanet.pl\/index.php?rest_route=%2Fwp%2Fv2%2Fproduct_brand&post=555"},{"taxonomy":"product_cat","embeddable":true,"href":"https:\/\/wolanet.pl\/index.php?rest_route=%2Fwp%2Fv2%2Fproduct_cat&post=555"},{"taxonomy":"product_tag","embeddable":true,"href":"https:\/\/wolanet.pl\/index.php?rest_route=%2Fwp%2Fv2%2Fproduct_tag&post=555"}],"curies":[{"name":"wp","href":"https:\/\/api.w.org\/{rel}","templated":true}]}}