{"id":545,"date":"2025-06-23T14:52:39","date_gmt":"2025-06-23T12:52:39","guid":{"rendered":"https:\/\/wolanet.pl\/?post_type=product&#038;p=545"},"modified":"2025-07-09T11:12:08","modified_gmt":"2025-07-09T09:12:08","slug":"posnet-bingo-max-2-online","status":"publish","type":"product","link":"https:\/\/wolanet.pl\/?product=posnet-bingo-max-2-online","title":{"rendered":"Posnet Bingo Max 2 Online"},"content":{"rendered":"<p>W kasie zastosowano mechanizm drukuj\u0105cy \u201edrop in &#8211; wrzu\u0107 i\u00a0drukuj\u201d, kt\u00f3ry zapewnia\u00a0<strong>szybk\u0105 i\u00a0sprawn\u0105 wymian\u0119 papieru<\/strong>. Co wi\u0119cej, mechanizm drukuj\u0105cy jest teraz jeszcze szybszy ni\u017c w Bingo Max ONLINE! Kasa Bingo Max2 ma\u00a0<strong>nowoczesn\u0105 budow\u0119<\/strong>, niedu\u017ce rozmiary (249 x\u00a099 x\u00a0207 mm), intuicyjn\u0105 i\u00a0wygodn\u0105 klawiatur\u0119, co gwarantuje\u00a0<strong>komfort w\u00a0u\u017cytkowaniu<\/strong> urz\u0105dzenia. Bingo Max2 oferuje du\u017c\u0105 baz\u0119 towarow\u0105. W\u00a0standardowej wersji jest to 10 000 PLU, a\u00a0po rozszerzeniu<strong>\u00a0do 30 000 PLU, a\u00a0nawet 60 000 PLU<\/strong> &#8211; to dwa razy wi\u0119cej ni\u017c w\u00a0Bingo Max ONLINE! Dzi\u0119ki temu, u\u017cytkownik mo\u017ce zaprogramowa\u0107 nawet mocno rozbudowany asortyment produkt\u00f3w. Kasa Bingo Max2 jest produktem w\u00a0pe\u0142ni nowoczesnym. Ma m.in. funkcjonalno\u015bci pozwalaj\u0105ce jej\u00a0<strong>przesy\u0142a\u0107 e-paragony<\/strong>\u00a0do klient\u00f3w.<\/p>\n","protected":false},"excerpt":{"rendered":"<p>Bingo Max2 to nowa, doskonalsza\u00a0wersja legendarnej kasy\u00a0fiskalnej Posnet! W\u00a0znanej ju\u017c, kompaktowej i\u00a0eleganckiej formie, zastosowano teraz m. in. nowy, szybszy mechanizm drukuj\u0105cy oraz umo\u017cliwiono p\u0142atno\u015bci BLIK. Dzi\u0119ki opcji rozbudowy o\u00a0dodatkowe modu\u0142y komunikacji, kasa idealnie sprawdzi si\u0119 w\u00a0ma\u0142ych i\u00a0\u015brednich przedsi\u0119biorstwach.<\/p>\n","protected":false},"featured_media":640,"comment_status":"open","ping_status":"closed","template":"","meta":{"site-sidebar-layout":"default","site-content-layout":"","ast-site-content-layout":"default","site-content-style":"default","site-sidebar-style":"default","ast-global-header-display":"","ast-banner-title-visibility":"","ast-main-header-display":"","ast-hfb-above-header-display":"","ast-hfb-below-header-display":"","ast-hfb-mobile-header-display":"","site-post-title":"","ast-breadcrumbs-content":"","ast-featured-img":"","footer-sml-layout":"","theme-transparent-header-meta":"default","adv-header-id-meta":"","stick-header-meta":"","header-above-stick-meta":"","header-main-stick-meta":"","header-below-stick-meta":"","astra-migrate-meta-layouts":"set","ast-page-background-enabled":"default","ast-page-background-meta":{"desktop":{"background-color":"var(--ast-global-color-4)","background-image":"","background-repeat":"repeat","background-position":"center center","background-size":"auto","background-attachment":"scroll","background-type":"","background-media":"","overlay-type":"","overlay-color":"","overlay-opacity":"","overlay-gradient":""},"tablet":{"background-color":"","background-image":"","background-repeat":"repeat","background-position":"center center","background-size":"auto","background-attachment":"scroll","background-type":"","background-media":"","overlay-type":"","overlay-color":"","overlay-opacity":"","overlay-gradient":""},"mobile":{"background-color":"","background-image":"","background-repeat":"repeat","background-position":"center center","background-size":"auto","background-attachment":"scroll","background-type":"","background-media":"","overlay-type":"","overlay-color":"","overlay-opacity":"","overlay-gradient":""}},"ast-content-background-meta":{"desktop":{"background-color":"var(--ast-global-color-5)","background-image":"","background-repeat":"repeat","background-position":"center center","background-size":"auto","background-attachment":"scroll","background-type":"","background-media":"","overlay-type":"","overlay-color":"","overlay-opacity":"","overlay-gradient":""},"tablet":{"background-color":"var(--ast-global-color-5)","background-image":"","background-repeat":"repeat","background-position":"center center","background-size":"auto","background-attachment":"scroll","background-type":"","background-media":"","overlay-type":"","overlay-color":"","overlay-opacity":"","overlay-gradient":""},"mobile":{"background-color":"var(--ast-global-color-5)","background-image":"","background-repeat":"repeat","background-position":"center center","background-size":"auto","background-attachment":"scroll","background-type":"","background-media":"","overlay-type":"","overlay-color":"","overlay-opacity":"","overlay-gradient":""}}},"product_brand":[],"product_cat":[26],"product_tag":[],"class_list":{"0":"post-545","1":"product","2":"type-product","3":"status-publish","4":"has-post-thumbnail","6":"product_cat-srednie","7":"desktop-align-left","8":"tablet-align-left","9":"mobile-align-left","11":"first","12":"instock","13":"taxable","14":"shipping-taxable","15":"purchasable","16":"product-type-variable"},"aioseo_notices":[],"jetpack_sharing_enabled":true,"_links":{"self":[{"href":"https:\/\/wolanet.pl\/index.php?rest_route=\/wp\/v2\/product\/545","targetHints":{"allow":["GET"]}}],"collection":[{"href":"https:\/\/wolanet.pl\/index.php?rest_route=\/wp\/v2\/product"}],"about":[{"href":"https:\/\/wolanet.pl\/index.php?rest_route=\/wp\/v2\/types\/product"}],"replies":[{"embeddable":true,"href":"https:\/\/wolanet.pl\/index.php?rest_route=%2Fwp%2Fv2%2Fcomments&post=545"}],"wp:featuredmedia":[{"embeddable":true,"href":"https:\/\/wolanet.pl\/index.php?rest_route=\/wp\/v2\/media\/640"}],"wp:attachment":[{"href":"https:\/\/wolanet.pl\/index.php?rest_route=%2Fwp%2Fv2%2Fmedia&parent=545"}],"wp:term":[{"taxonomy":"product_brand","embeddable":true,"href":"https:\/\/wolanet.pl\/index.php?rest_route=%2Fwp%2Fv2%2Fproduct_brand&post=545"},{"taxonomy":"product_cat","embeddable":true,"href":"https:\/\/wolanet.pl\/index.php?rest_route=%2Fwp%2Fv2%2Fproduct_cat&post=545"},{"taxonomy":"product_tag","embeddable":true,"href":"https:\/\/wolanet.pl\/index.php?rest_route=%2Fwp%2Fv2%2Fproduct_tag&post=545"}],"curies":[{"name":"wp","href":"https:\/\/api.w.org\/{rel}","templated":true}]}}