{"id":542,"date":"2025-06-23T14:48:56","date_gmt":"2025-06-23T12:48:56","guid":{"rendered":"https:\/\/wolanet.pl\/?post_type=product&#038;p=542"},"modified":"2025-07-09T11:14:31","modified_gmt":"2025-07-09T09:14:31","slug":"posnet-mobile-online","status":"publish","type":"product","link":"https:\/\/wolanet.pl\/?product=posnet-mobile-online","title":{"rendered":"Posnet Mobile Online"},"content":{"rendered":"<p>Kasa Mobile ONLINE jest ma\u0142a, ale bardzo wydajna. Pozwoli Ci wydrukowa\u0107 8 000 paragon\u00f3w bez dodatkowego zasilania. Poza zasilaniem sieciowym kas\u0119 Mobile ONLINE na\u0142adujesz za pomoc\u0105 kabla USB pod\u0142\u0105czonego do komputera lub \u0142adowarki samochodowej. Co wi\u0119cej, na paragonach mo\u017cesz zaprojektowa\u0107 logo lub nazw\u0119 swojej firmy. Wymiana papieru zajmuje kilka sekund. Polega na wykonaniu trzech, prostych ruch\u00f3w: otwierasz &#8211; wrzucasz papier &#8211; zamykasz. I mo\u017cesz pracowa\u0107 dalej.<\/p>\n","protected":false},"excerpt":{"rendered":"<p>Wrzu\u0107 j\u0105 do teczki lub wsad\u017a do kieszeni. To najmniejsza kasa fiskalna ONLINE na rynku, z kt\u00f3r\u0105 udasz si\u0119 w dowolne miejsce, by sprzeda\u0107 swoje us\u0142ugi lub produkty. Teraz dodatkowo zosta\u0142a wyposa\u017cona w\u00a0bezprzewodowe interfejsy komunikacyjne.\u00a0 Do wyboru u\u017cytkownika jest wersja z\u00a0WiFi\/Bluetooth lub ze zintegrowanym modemem GPRS i\u00a0kart\u0105 SIM.<\/p>\n","protected":false},"featured_media":641,"comment_status":"open","ping_status":"closed","template":"","meta":{"site-sidebar-layout":"default","site-content-layout":"","ast-site-content-layout":"default","site-content-style":"default","site-sidebar-style":"default","ast-global-header-display":"","ast-banner-title-visibility":"","ast-main-header-display":"","ast-hfb-above-header-display":"","ast-hfb-below-header-display":"","ast-hfb-mobile-header-display":"","site-post-title":"","ast-breadcrumbs-content":"","ast-featured-img":"","footer-sml-layout":"","theme-transparent-header-meta":"default","adv-header-id-meta":"","stick-header-meta":"","header-above-stick-meta":"","header-main-stick-meta":"","header-below-stick-meta":"","astra-migrate-meta-layouts":"set","ast-page-background-enabled":"default","ast-page-background-meta":{"desktop":{"background-color":"var(--ast-global-color-4)","background-image":"","background-repeat":"repeat","background-position":"center center","background-size":"auto","background-attachment":"scroll","background-type":"","background-media":"","overlay-type":"","overlay-color":"","overlay-opacity":"","overlay-gradient":""},"tablet":{"background-color":"","background-image":"","background-repeat":"repeat","background-position":"center center","background-size":"auto","background-attachment":"scroll","background-type":"","background-media":"","overlay-type":"","overlay-color":"","overlay-opacity":"","overlay-gradient":""},"mobile":{"background-color":"","background-image":"","background-repeat":"repeat","background-position":"center center","background-size":"auto","background-attachment":"scroll","background-type":"","background-media":"","overlay-type":"","overlay-color":"","overlay-opacity":"","overlay-gradient":""}},"ast-content-background-meta":{"desktop":{"background-color":"var(--ast-global-color-5)","background-image":"","background-repeat":"repeat","background-position":"center center","background-size":"auto","background-attachment":"scroll","background-type":"","background-media":"","overlay-type":"","overlay-color":"","overlay-opacity":"","overlay-gradient":""},"tablet":{"background-color":"var(--ast-global-color-5)","background-image":"","background-repeat":"repeat","background-position":"center center","background-size":"auto","background-attachment":"scroll","background-type":"","background-media":"","overlay-type":"","overlay-color":"","overlay-opacity":"","overlay-gradient":""},"mobile":{"background-color":"var(--ast-global-color-5)","background-image":"","background-repeat":"repeat","background-position":"center center","background-size":"auto","background-attachment":"scroll","background-type":"","background-media":"","overlay-type":"","overlay-color":"","overlay-opacity":"","overlay-gradient":""}}},"product_brand":[],"product_cat":[25],"product_tag":[],"class_list":{"0":"post-542","1":"product","2":"type-product","3":"status-publish","4":"has-post-thumbnail","6":"product_cat-male-mobilne","7":"desktop-align-left","8":"tablet-align-left","9":"mobile-align-left","11":"first","12":"instock","13":"taxable","14":"shipping-taxable","15":"purchasable","16":"product-type-variable"},"aioseo_notices":[],"jetpack_sharing_enabled":true,"_links":{"self":[{"href":"https:\/\/wolanet.pl\/index.php?rest_route=\/wp\/v2\/product\/542","targetHints":{"allow":["GET"]}}],"collection":[{"href":"https:\/\/wolanet.pl\/index.php?rest_route=\/wp\/v2\/product"}],"about":[{"href":"https:\/\/wolanet.pl\/index.php?rest_route=\/wp\/v2\/types\/product"}],"replies":[{"embeddable":true,"href":"https:\/\/wolanet.pl\/index.php?rest_route=%2Fwp%2Fv2%2Fcomments&post=542"}],"wp:featuredmedia":[{"embeddable":true,"href":"https:\/\/wolanet.pl\/index.php?rest_route=\/wp\/v2\/media\/641"}],"wp:attachment":[{"href":"https:\/\/wolanet.pl\/index.php?rest_route=%2Fwp%2Fv2%2Fmedia&parent=542"}],"wp:term":[{"taxonomy":"product_brand","embeddable":true,"href":"https:\/\/wolanet.pl\/index.php?rest_route=%2Fwp%2Fv2%2Fproduct_brand&post=542"},{"taxonomy":"product_cat","embeddable":true,"href":"https:\/\/wolanet.pl\/index.php?rest_route=%2Fwp%2Fv2%2Fproduct_cat&post=542"},{"taxonomy":"product_tag","embeddable":true,"href":"https:\/\/wolanet.pl\/index.php?rest_route=%2Fwp%2Fv2%2Fproduct_tag&post=542"}],"curies":[{"name":"wp","href":"https:\/\/api.w.org\/{rel}","templated":true}]}}