{"id":356,"date":"2025-03-27T12:10:32","date_gmt":"2025-03-27T11:10:32","guid":{"rendered":"https:\/\/wolanet.pl\/?post_type=product&#038;p=356"},"modified":"2026-04-21T01:24:02","modified_gmt":"2026-04-20T23:24:02","slug":"pospay-2-online","status":"publish","type":"product","link":"https:\/\/wolanet.pl\/?product=pospay-2-online","title":{"rendered":"Pospay 2 Online"},"content":{"rendered":"<p>Pospay2 ONLINE to wygoda, mobilno\u015b\u0107, multizadaniowo\u015b\u0107 i\u00a0mo\u017cliwo\u015b\u0107 p\u0142atno\u015bci wszystkimi rodzajami kart p\u0142atniczych. W ramach abonamentu dostajesz dost\u0119p\u00a0do\u00a0intuicyjnej aplikacji sprzeda\u017cowej, kt\u00f3ra dzia\u0142a na niezawodnym systemie Android. Przejrzysty i\u00a0czytelny interfejs pozwoli Ci sprawnie obs\u0142ugiwa\u0107 sprzeda\u017c w\u00a0Twojej firmie. W\u00a0paru szybkich klikni\u0119ciach dodasz kolejne pozycje do paragonu oraz wywo\u0142asz p\u0142atno\u015b\u0107 bezgot\u00f3wkow\u0105. P\u0142atno\u015bci realizowane za pomoc\u0105 Pospay2 ONLINE obs\u0142uguje Centrum Elektronicznych Us\u0142ug P\u0142atniczych &#8211; eService. To lider na rynku akceptacji kart p\u0142atniczych oraz rozliczania transakcji elektronicznych w\u00a0Polsce. Dzi\u0119ki eService masz pewno\u015b\u0107, ze wszystkie transakcje przebiegn\u0105 sprawnie i\u00a0bez problem\u00f3w.<\/p>\n","protected":false},"excerpt":{"rendered":"<p>Pospay 2 Online, \u0142\u0105czy w sobie funkcje kasy, drukarki fiskalnej oraz terminala p\u0142atniczego. Nale\u017cy do rodziny urz\u0105dze\u0144 SAIO, kt\u00f3re s\u0105 skonstruowane zgodnie z filozofi\u0105 \u201eAll in One\u201d.<\/p>\n","protected":false},"featured_media":357,"comment_status":"open","ping_status":"closed","template":"","meta":{"site-sidebar-layout":"default","site-content-layout":"","ast-site-content-layout":"default","site-content-style":"default","site-sidebar-style":"default","ast-global-header-display":"","ast-banner-title-visibility":"","ast-main-header-display":"","ast-hfb-above-header-display":"","ast-hfb-below-header-display":"","ast-hfb-mobile-header-display":"","site-post-title":"","ast-breadcrumbs-content":"","ast-featured-img":"","footer-sml-layout":"","theme-transparent-header-meta":"default","adv-header-id-meta":"","stick-header-meta":"","header-above-stick-meta":"","header-main-stick-meta":"","header-below-stick-meta":"","astra-migrate-meta-layouts":"set","ast-page-background-enabled":"default","ast-page-background-meta":{"desktop":{"background-color":"var(--ast-global-color-4)","background-image":"","background-repeat":"repeat","background-position":"center center","background-size":"auto","background-attachment":"scroll","background-type":"","background-media":"","overlay-type":"","overlay-color":"","overlay-opacity":"","overlay-gradient":""},"tablet":{"background-color":"","background-image":"","background-repeat":"repeat","background-position":"center center","background-size":"auto","background-attachment":"scroll","background-type":"","background-media":"","overlay-type":"","overlay-color":"","overlay-opacity":"","overlay-gradient":""},"mobile":{"background-color":"","background-image":"","background-repeat":"repeat","background-position":"center center","background-size":"auto","background-attachment":"scroll","background-type":"","background-media":"","overlay-type":"","overlay-color":"","overlay-opacity":"","overlay-gradient":""}},"ast-content-background-meta":{"desktop":{"background-color":"var(--ast-global-color-5)","background-image":"","background-repeat":"repeat","background-position":"center center","background-size":"auto","background-attachment":"scroll","background-type":"","background-media":"","overlay-type":"","overlay-color":"","overlay-opacity":"","overlay-gradient":""},"tablet":{"background-color":"var(--ast-global-color-5)","background-image":"","background-repeat":"repeat","background-position":"center center","background-size":"auto","background-attachment":"scroll","background-type":"","background-media":"","overlay-type":"","overlay-color":"","overlay-opacity":"","overlay-gradient":""},"mobile":{"background-color":"var(--ast-global-color-5)","background-image":"","background-repeat":"repeat","background-position":"center center","background-size":"auto","background-attachment":"scroll","background-type":"","background-media":"","overlay-type":"","overlay-color":"","overlay-opacity":"","overlay-gradient":""}}},"product_brand":[],"product_cat":[36],"product_tag":[],"class_list":{"0":"post-356","1":"product","2":"type-product","3":"status-publish","4":"has-post-thumbnail","6":"product_cat-urzadzenia-all-in-one","7":"desktop-align-left","8":"tablet-align-left","9":"mobile-align-left","11":"first","12":"instock","13":"taxable","14":"shipping-taxable","15":"purchasable","16":"product-type-simple"},"aioseo_notices":[],"jetpack_sharing_enabled":true,"_links":{"self":[{"href":"https:\/\/wolanet.pl\/index.php?rest_route=\/wp\/v2\/product\/356","targetHints":{"allow":["GET"]}}],"collection":[{"href":"https:\/\/wolanet.pl\/index.php?rest_route=\/wp\/v2\/product"}],"about":[{"href":"https:\/\/wolanet.pl\/index.php?rest_route=\/wp\/v2\/types\/product"}],"replies":[{"embeddable":true,"href":"https:\/\/wolanet.pl\/index.php?rest_route=%2Fwp%2Fv2%2Fcomments&post=356"}],"wp:featuredmedia":[{"embeddable":true,"href":"https:\/\/wolanet.pl\/index.php?rest_route=\/wp\/v2\/media\/357"}],"wp:attachment":[{"href":"https:\/\/wolanet.pl\/index.php?rest_route=%2Fwp%2Fv2%2Fmedia&parent=356"}],"wp:term":[{"taxonomy":"product_brand","embeddable":true,"href":"https:\/\/wolanet.pl\/index.php?rest_route=%2Fwp%2Fv2%2Fproduct_brand&post=356"},{"taxonomy":"product_cat","embeddable":true,"href":"https:\/\/wolanet.pl\/index.php?rest_route=%2Fwp%2Fv2%2Fproduct_cat&post=356"},{"taxonomy":"product_tag","embeddable":true,"href":"https:\/\/wolanet.pl\/index.php?rest_route=%2Fwp%2Fv2%2Fproduct_tag&post=356"}],"curies":[{"name":"wp","href":"https:\/\/api.w.org\/{rel}","templated":true}]}}