{"id":347,"date":"2025-03-26T10:18:49","date_gmt":"2025-03-26T09:18:49","guid":{"rendered":"https:\/\/wolanet.pl\/?post_type=product&#038;p=347"},"modified":"2025-07-09T11:24:58","modified_gmt":"2025-07-09T09:24:58","slug":"posnet-ergo-online","status":"publish","type":"product","link":"https:\/\/wolanet.pl\/?product=posnet-ergo-online","title":{"rendered":"Posnet Ergo Online"},"content":{"rendered":"<p>Je\u015bli masz komputer po\u0142\u0105czony z\u00a0Internetem &#8211; pod\u0142\u0105cz kas\u0119 do komputera za pomoc\u0105 z\u0142\u0105cza USB i\u00a0nie p\u0142a\u0107 dodatkowo za transmisj\u0119 danych. To podstawowa wersja kasy.<br \/>\nW dowolnym momencie mo\u017cesz doposa\u017cy\u0107 Ergo w modu\u0142y komunikacyjne. Czy masz w swoim sklepie Internet i WiFi? Mo\u017cesz go wykorzysta\u0107 do komunikacji z CRK (po uprzedniej instalacji modu\u0142u rozszerzenia II w kasie). \u015awiadczysz us\u0142ugi lub prowadzisz handel mobilny w terenie? Po\u0142\u0105cz si\u0119 z CRK za pomoc\u0105 sieci kom\u00f3rkowej. Ten rodzaj po\u0142\u0105czenia mo\u017cesz uzyska\u0107 poprzez instalacj\u0119 modu\u0142 rozszerzenia III, z kart\u0105 SIM micro dowolnego operatora. Poszerz mo\u017cliwo\u015bci swojej kasy ERGO ONLINE, wykorzystuj\u0105c j\u0105 jako nowoczesn\u0105 i rozbudowan\u0105 kasowag\u0119. Wymiana papieru zajmuje kilka sekund. Polega na wykonaniu trzech, prostych ruch\u00f3w: otwierasz &#8211; wrzucasz papier &#8211; zamykasz. I\u00a0mo\u017cesz pracowa\u0107 dalej.<\/p>\n","protected":false},"excerpt":{"rendered":"<p>Jedna z\u00a0najbardziej popularnych kas fiskalnych na rynku. Urz\u0105dzenie, dzi\u0119ki modu\u0142owej konstrukcji, zapewnia u\u017cytkownikowi swobod\u0119 wyboru mi\u0119dzy przewodowym lub bezprzewodowym po\u0142\u0105czeniem z\u00a0Centralnym Repozytorium Kas (CRK).<\/p>\n","protected":false},"featured_media":645,"comment_status":"open","ping_status":"closed","template":"","meta":{"site-sidebar-layout":"default","site-content-layout":"","ast-site-content-layout":"default","site-content-style":"default","site-sidebar-style":"default","ast-global-header-display":"","ast-banner-title-visibility":"","ast-main-header-display":"","ast-hfb-above-header-display":"","ast-hfb-below-header-display":"","ast-hfb-mobile-header-display":"","site-post-title":"","ast-breadcrumbs-content":"","ast-featured-img":"","footer-sml-layout":"","theme-transparent-header-meta":"default","adv-header-id-meta":"","stick-header-meta":"","header-above-stick-meta":"","header-main-stick-meta":"","header-below-stick-meta":"","astra-migrate-meta-layouts":"set","ast-page-background-enabled":"default","ast-page-background-meta":{"desktop":{"background-color":"var(--ast-global-color-4)","background-image":"","background-repeat":"repeat","background-position":"center center","background-size":"auto","background-attachment":"scroll","background-type":"","background-media":"","overlay-type":"","overlay-color":"","overlay-opacity":"","overlay-gradient":""},"tablet":{"background-color":"","background-image":"","background-repeat":"repeat","background-position":"center center","background-size":"auto","background-attachment":"scroll","background-type":"","background-media":"","overlay-type":"","overlay-color":"","overlay-opacity":"","overlay-gradient":""},"mobile":{"background-color":"","background-image":"","background-repeat":"repeat","background-position":"center center","background-size":"auto","background-attachment":"scroll","background-type":"","background-media":"","overlay-type":"","overlay-color":"","overlay-opacity":"","overlay-gradient":""}},"ast-content-background-meta":{"desktop":{"background-color":"var(--ast-global-color-5)","background-image":"","background-repeat":"repeat","background-position":"center center","background-size":"auto","background-attachment":"scroll","background-type":"","background-media":"","overlay-type":"","overlay-color":"","overlay-opacity":"","overlay-gradient":""},"tablet":{"background-color":"var(--ast-global-color-5)","background-image":"","background-repeat":"repeat","background-position":"center center","background-size":"auto","background-attachment":"scroll","background-type":"","background-media":"","overlay-type":"","overlay-color":"","overlay-opacity":"","overlay-gradient":""},"mobile":{"background-color":"var(--ast-global-color-5)","background-image":"","background-repeat":"repeat","background-position":"center center","background-size":"auto","background-attachment":"scroll","background-type":"","background-media":"","overlay-type":"","overlay-color":"","overlay-opacity":"","overlay-gradient":""}}},"product_brand":[],"product_cat":[25],"product_tag":[],"class_list":{"0":"post-347","1":"product","2":"type-product","3":"status-publish","4":"has-post-thumbnail","6":"product_cat-male-mobilne","7":"desktop-align-left","8":"tablet-align-left","9":"mobile-align-left","11":"first","12":"instock","13":"taxable","14":"shipping-taxable","15":"purchasable","16":"product-type-variable"},"aioseo_notices":[],"jetpack_sharing_enabled":true,"_links":{"self":[{"href":"https:\/\/wolanet.pl\/index.php?rest_route=\/wp\/v2\/product\/347","targetHints":{"allow":["GET"]}}],"collection":[{"href":"https:\/\/wolanet.pl\/index.php?rest_route=\/wp\/v2\/product"}],"about":[{"href":"https:\/\/wolanet.pl\/index.php?rest_route=\/wp\/v2\/types\/product"}],"replies":[{"embeddable":true,"href":"https:\/\/wolanet.pl\/index.php?rest_route=%2Fwp%2Fv2%2Fcomments&post=347"}],"wp:featuredmedia":[{"embeddable":true,"href":"https:\/\/wolanet.pl\/index.php?rest_route=\/wp\/v2\/media\/645"}],"wp:attachment":[{"href":"https:\/\/wolanet.pl\/index.php?rest_route=%2Fwp%2Fv2%2Fmedia&parent=347"}],"wp:term":[{"taxonomy":"product_brand","embeddable":true,"href":"https:\/\/wolanet.pl\/index.php?rest_route=%2Fwp%2Fv2%2Fproduct_brand&post=347"},{"taxonomy":"product_cat","embeddable":true,"href":"https:\/\/wolanet.pl\/index.php?rest_route=%2Fwp%2Fv2%2Fproduct_cat&post=347"},{"taxonomy":"product_tag","embeddable":true,"href":"https:\/\/wolanet.pl\/index.php?rest_route=%2Fwp%2Fv2%2Fproduct_tag&post=347"}],"curies":[{"name":"wp","href":"https:\/\/api.w.org\/{rel}","templated":true}]}}